{"id":1540,"date":"2024-01-24T12:01:13","date_gmt":"2024-01-24T11:01:13","guid":{"rendered":"https:\/\/be-glu.com\/?page_id=1540"},"modified":"2024-05-21T10:45:31","modified_gmt":"2024-05-21T08:45:31","slug":"politica-de-privacidad","status":"publish","type":"page","link":"https:\/\/be-glu.com\/en\/politica-de-privacidad\/","title":{"rendered":"Privacy Policy"},"content":{"rendered":"<style>.wp-block-kadence-image.kb-image1540_aa0451-bf:not(.kb-specificity-added):not(.kb-extra-specificity-added){margin-top:0px;margin-bottom:0px;}.kb-image1540_aa0451-bf:not(.kb-image-is-ratio-size) .kb-img, .kb-image1540_aa0451-bf.kb-image-is-ratio-size{padding-top:0px;padding-bottom:0px;}.kb-image1540_aa0451-bf .kb-image-has-overlay:after{opacity:0.3;}<\/style>\n<figure class=\"wp-block-kadence-image kb-image1540_aa0451-bf alignfull size-full kb-image-is-ratio-size\"><div class=\"kb-is-ratio-image kb-image-ratio-land31\"><img loading=\"lazy\" decoding=\"async\" width=\"1920\" height=\"1920\" src=\"https:\/\/be-glu.com\/wp-content\/uploads\/proteccion_datos.jpg\" class=\"kb-img wp-image-3170\" srcset=\"https:\/\/be-glu.com\/wp-content\/uploads\/proteccion_datos.jpg 1920w, https:\/\/be-glu.com\/wp-content\/uploads\/proteccion_datos-300x300.jpg 300w, https:\/\/be-glu.com\/wp-content\/uploads\/proteccion_datos-1024x1024.jpg 1024w, https:\/\/be-glu.com\/wp-content\/uploads\/proteccion_datos-150x150.jpg 150w, https:\/\/be-glu.com\/wp-content\/uploads\/proteccion_datos-768x768.jpg 768w, https:\/\/be-glu.com\/wp-content\/uploads\/proteccion_datos-1536x1536.jpg 1536w\" sizes=\"auto, (max-width: 1920px) 100vw, 1920px\" \/><\/div><\/figure>\n\n\n\n<div style=\"height:40px\" aria-hidden=\"true\" class=\"wp-block-spacer\"><\/div>\n\n\n\n<div class=\"wp-block-essential-blocks-advanced-heading\"><div class=\"eb-parent-wrapper eb-parent-eb-advance-heading-grzdy\"><div class=\"eb-advance-heading-wrapper eb-advance-heading-grzdy button-1\" data-id=\"eb-advance-heading-grzdy\"><h2 class=\"eb-ah-title\"><br><br><br><strong>Privacy Policy<\/strong><\/h2><div class=\"eb-ah-separator line\"><\/div><\/div><\/div><\/div>\n\n\n\n<div style=\"height:40px\" aria-hidden=\"true\" class=\"wp-block-spacer\"><\/div>\n\n\n\n<p style=\"padding-right:var(--wp--preset--spacing--80);padding-left:var(--wp--preset--spacing--80)\">This document constitutes the Privacy Policy that applies to all personal data that we process about you, both those collected in digital format and in other non-digital media, such as paper forms.<\/p>\n\n\n\n<p style=\"padding-right:var(--wp--preset--spacing--80);padding-left:var(--wp--preset--spacing--80)\">Through the data collection forms, <span>gl\u00f9<\/span> will proceed to inform its users of the obligations set out in the General Data Protection Regulation (EU Regulation, 2016\/679, of the European Parliament and of the Council, of April 27, 2016, relating to the protection of natural persons with regard to the processing of personal data and the free circulation of these data and by which Directive 95\/46\/EC is repealed) and by Organic Law 3\/2018, of 5 December, Protection of personal data and guarantee of digital rights. <span>gl\u00f9<\/span> guarantees that it has implemented appropriate technical and organizational policies to apply the security measures established by the Regulations in order to protect the rights and freedoms of users.<\/p>\n\n\n\n<p style=\"padding-right:var(--wp--preset--spacing--80);padding-left:var(--wp--preset--spacing--80)\">If the personal data necessary for the presentation of the service or query is not provided, <strong><strong><strong><strong>Be-Gl\u00f9<\/strong><\/strong><\/strong><\/strong> will not be able to manage the service or query formulated by the user.<\/p>\n\n\n\n<div class=\"wp-block-essential-blocks-advanced-heading\"><div class=\"eb-parent-wrapper eb-parent-eb-advance-heading-ps4dt\"><div class=\"eb-advance-heading-wrapper eb-advance-heading-ps4dt button-1\" data-id=\"eb-advance-heading-ps4dt\"><h2 class=\"eb-ah-title\"><br><br><br><strong>What should the User know when providing their data?<\/strong><\/h2><div class=\"eb-ah-separator line\"><\/div><\/div><\/div><\/div>\n\n\n\n<div style=\"height:40px\" aria-hidden=\"true\" class=\"wp-block-spacer\"><\/div>\n\n\n\n<p style=\"padding-right:var(--wp--preset--spacing--80);padding-left:var(--wp--preset--spacing--80)\">The user guarantees that the data provided is true, accurate, complete and up-to-date, and is responsible for any direct or indirect damage or loss that may be caused as a result of failure to comply with such obligation.<\/p>\n\n\n\n<p style=\"padding-right:var(--wp--preset--spacing--80);padding-left:var(--wp--preset--spacing--80)\">In the event that the user provides data belonging to a third party, they guarantee that they have informed said third party of all the aspects contained in this Privacy Policy and obtained their consent to provide us with their data for the processing purpose in question; all prior to the provision of data from a third party through the website.<\/p>\n\n\n\n<p style=\"padding-right:var(--wp--preset--spacing--80);padding-left:var(--wp--preset--spacing--80)\">n the event that any of the services are directed to minors under 14 years of age, <span>gl\u00f9<\/span> will request the consent of the parents or guardians for the collection of the minor's personal data.<\/p>\n\n\n\n<div class=\"wp-block-essential-blocks-advanced-heading\"><div class=\"eb-parent-wrapper eb-parent-eb-advance-heading-dikdi\"><div class=\"eb-advance-heading-wrapper eb-advance-heading-dikdi button-1\" data-id=\"eb-advance-heading-dikdi\"><h2 class=\"eb-ah-title\"><br><br><br><strong>For what purposes is your personal data processed?<\/strong><\/h2><div class=\"eb-ah-separator line\"><\/div><\/div><\/div><\/div>\n\n\n\n<div style=\"height:40px\" aria-hidden=\"true\" class=\"wp-block-spacer\"><\/div>\n\n\n\n<p style=\"padding-right:var(--wp--preset--spacing--80);padding-left:var(--wp--preset--spacing--80)\"><span>gl\u00f9<\/span> will process your data in order to respond to requests, queries or any type of request made through this website.<\/p>\n\n\n\n<p style=\"padding-right:var(--wp--preset--spacing--80);padding-left:var(--wp--preset--spacing--80)\">We will also process your data for administrative, accounting and tax management, in accordance with current regulations and based on the information provided and authorization granted.<\/p>\n\n\n\n<div class=\"wp-block-essential-blocks-advanced-heading\"><div class=\"eb-parent-wrapper eb-parent-eb-advance-heading-tqnip\"><div class=\"eb-advance-heading-wrapper eb-advance-heading-tqnip button-1\" data-id=\"eb-advance-heading-tqnip\"><h2 class=\"eb-ah-title\"><br><br><br><strong>What is the legitimacy for the processing of your Personal Data?<\/strong><\/h2><div class=\"eb-ah-separator line\"><\/div><\/div><\/div><\/div>\n\n\n\n<div style=\"height:40px\" aria-hidden=\"true\" class=\"wp-block-spacer\"><\/div>\n\n\n\n<p style=\"padding-right:var(--wp--preset--spacing--80);padding-left:var(--wp--preset--spacing--80)\">Your express consent to respond to your requests, queries and requests.<\/p>\n\n\n\n<p style=\"padding-right:var(--wp--preset--spacing--80);padding-left:var(--wp--preset--spacing--80)\">In order to carry out the contract for the provision of services signed with you.<\/p>\n\n\n\n<p style=\"padding-right:var(--wp--preset--spacing--80);padding-left:var(--wp--preset--spacing--80)\">Compliance with obligations that correspond to <span>gl\u00f9<\/span> by legal mandate. (Comply with the obligations established in tax regulations and in matters of protection of personal data or in information society services).<\/p>\n\n\n\n<p style=\"padding-right:var(--wp--preset--spacing--80);padding-left:var(--wp--preset--spacing--80)\">For legitimate interest in said data processing, such as the internal administrative purposes of <span>gl\u00f9<\/span> or so that we can better meet your expectations and improve your degree of satisfaction as a customer.<\/p>\n\n\n\n<div class=\"wp-block-essential-blocks-advanced-heading\"><div class=\"eb-parent-wrapper eb-parent-eb-advance-heading-2963i\"><div class=\"eb-advance-heading-wrapper eb-advance-heading-2963i button-1\" data-id=\"eb-advance-heading-2963i\"><h2 class=\"eb-ah-title\"><br><br><br><strong>How long will your data be kept?<\/strong><\/h2><div class=\"eb-ah-separator line\"><\/div><\/div><\/div><\/div>\n\n\n\n<div style=\"height:40px\" aria-hidden=\"true\" class=\"wp-block-spacer\"><\/div>\n\n\n\n<p style=\"padding-right:var(--wp--preset--spacing--80);padding-left:var(--wp--preset--spacing--80)\">The personal data provided will be kept as long as there is a mutual interest to maintain the professional relationship or for the years necessary to comply with legal obligations, and when they are no longer necessary for this purpose, they will be deleted with appropriate security measures to guarantee the pseudonymization of the data or the total destruction thereof.<\/p>\n\n\n\n<p style=\"padding-right:var(--wp--preset--spacing--80);padding-left:var(--wp--preset--spacing--80)\">However, when you ask us by the established means to delete your data, these will remain duly blocked without us using them, as long as they may be necessary for the exercise or defense of claims or some type of legal or contractual liability may arise from their processing. for which recovery is necessary. Once this period of time has elapsed, your data will be permanently deleted.<\/p>\n\n\n\n<div class=\"wp-block-essential-blocks-advanced-heading\"><div class=\"eb-parent-wrapper eb-parent-eb-advance-heading-s3gwv\"><div class=\"eb-advance-heading-wrapper eb-advance-heading-s3gwv button-1\" data-id=\"eb-advance-heading-s3gwv\"><h2 class=\"eb-ah-title\"><br><br><br><strong>To which recipients will your data be communicated?<\/strong><\/h2><div class=\"eb-ah-separator line\"><\/div><\/div><\/div><\/div>\n\n\n\n<div style=\"height:40px\" aria-hidden=\"true\" class=\"wp-block-spacer\"><\/div>\n\n\n\n<p style=\"padding-right:var(--wp--preset--spacing--80);padding-left:var(--wp--preset--spacing--80)\"><span>gl\u00f9<\/span> will not be able to transfer the personal data provided to third parties, except to those entities and organizations necessary for the management of the services provided or in the event that there is a legal obligation.<\/p>\n\n\n\n<p style=\"padding-right:var(--wp--preset--spacing--80);padding-left:var(--wp--preset--spacing--80)\">datos, teniendo en cuenta que el ejercicio de los mismos es personal\u00edsimo, por lo que ser\u00e1 necesario que el afectado acredite su identidad.<\/p>\n\n\n\n<div class=\"wp-block-essential-blocks-advanced-heading\"><div class=\"eb-parent-wrapper eb-parent-eb-advance-heading-hwjyd\"><div class=\"eb-advance-heading-wrapper eb-advance-heading-hwjyd button-1\" data-id=\"eb-advance-heading-hwjyd\"><h2 class=\"eb-ah-title\"><br><br><br><strong>What are your data protection rights?<\/strong><\/h2><div class=\"eb-ah-separator line\"><\/div><\/div><\/div><\/div>\n\n\n\n<div style=\"height:40px\" aria-hidden=\"true\" class=\"wp-block-spacer\"><\/div>\n\n\n\n<p style=\"padding-right:var(--wp--preset--spacing--80);padding-left:var(--wp--preset--spacing--80)\">You have the right to withdraw your consent at any time. Likewise, you may exercise your right of access, rectification, deletion, limitation, opposition to processing, or data portability.<\/p>\n\n\n\n<ul class=\"wp-block-list\" style=\"padding-right:20%;padding-left:20%\">\n<li><strong>Access: <\/strong>The interested party will have the right to be informed by <span>gl\u00f9<\/span> whether or not their personal data is being processed, and if the processing is confirmed, it will enable access by providing the processing information.<\/li>\n\n\n\n<li><strong>Rectification: <\/strong>The interested party will have the right to be informed by <span>gl\u00f9<\/span>  rectify their data without undue delay when they are inaccurate or incomplete through an additional corrective statement.<\/li>\n\n\n\n<li><strong>Deletion: <\/strong>The interested party will have the right to be informed by <span>gl\u00f9<\/span> delete their data without undue delay.<\/li>\n\n\n\n<li><strong>Opposition: <\/strong>The interested party will have the right to oppose the processing of their data carried out by <span>gl\u00f9<\/span> for reasons related to their particular situation.<\/li>\n\n\n\n<li><strong>Limitation: <\/strong>The interested party will have the right to be informed by <span>gl\u00f9<\/span>  mark their data in order to limit the processing.<\/li>\n\n\n\n<li><strong>Portabilidad: <\/strong>The interested party will have the right to be informed by <span>gl\u00f9<\/span> to transmit their data to another CONTROLLER or to the same interested party, through a structured format that is commonly used and machine readable.<\/li>\n\n\n\n<li><strong>Automated decisions: <\/strong>The interested party will have the right not to be subject to profiling whose purpose is to make individual decisions based on AUTOMATED data processing.<\/li>\n<\/ul>\n\n\n\n<p style=\"padding-right:var(--wp--preset--spacing--80);padding-left:var(--wp--preset--spacing--80)\">You can send your request to <span>gl\u00f9<\/span> through the following email: info@be-glu.com<\/p>\n\n\n\n<p style=\"padding-right:var(--wp--preset--spacing--80);padding-left:var(--wp--preset--spacing--80)\">You must accompany your application with a copy of your DNI or equivalent document proving your identity. We may request additional documentation from you in the event that the request is made for a minor or incapacitated person, by proxy or with respect to a deceased person.<\/p>\n\n\n\n<p style=\"padding-right:var(--wp--preset--spacing--80);padding-left:var(--wp--preset--spacing--80)\">Additionally, you will have the right to file a claim with the Control Authority<a href=\"http:\/\/www.agpd.es\/\">www.aepd.es<\/a>if you consider that the treatment does not comply with current regulations.<\/p>\n\n\n\n<div class=\"wp-block-essential-blocks-advanced-heading\"><div class=\"eb-parent-wrapper eb-parent-eb-advance-heading-qood1\"><div class=\"eb-advance-heading-wrapper eb-advance-heading-qood1 button-1\" data-id=\"eb-advance-heading-qood1\"><h2 class=\"eb-ah-title\"><br><br><br><strong>SECURITY MEASURES OF OUR WEBSITE<\/strong><\/h2><div class=\"eb-ah-separator line\"><\/div><\/div><\/div><\/div>\n\n\n\n<div style=\"height:40px\" aria-hidden=\"true\" class=\"wp-block-spacer\"><\/div>\n\n\n\n<p style=\"padding-right:var(--wp--preset--spacing--80);padding-left:var(--wp--preset--spacing--80)\">The website uses generally accepted industry information security techniques, such as firewalls, access control procedures and cryptographic mechanisms, all with the aim of preventing unauthorized access to data. To achieve these purposes, the user\/client accepts that the provider obtains data for the purposes of the corresponding authentication of access controls.<\/p>\n\n\n\n<div style=\"height:80px\" aria-hidden=\"true\" class=\"wp-block-spacer\"><\/div>\n\n\n<div class=\"wp-block-image\">\n<figure class=\"aligncenter size-large\"><img loading=\"lazy\" decoding=\"async\" width=\"1024\" height=\"153\" src=\"http:\/\/be-glu.com\/wp-content\/uploads\/kit-digital-Logo-digitalizadores-2-1024x153.jpg\" alt=\"\" class=\"wp-image-1388\" srcset=\"https:\/\/be-glu.com\/wp-content\/uploads\/kit-digital-Logo-digitalizadores-2-1024x153.jpg 1024w, https:\/\/be-glu.com\/wp-content\/uploads\/kit-digital-Logo-digitalizadores-2-300x45.jpg 300w, https:\/\/be-glu.com\/wp-content\/uploads\/kit-digital-Logo-digitalizadores-2-768x115.jpg 768w, https:\/\/be-glu.com\/wp-content\/uploads\/kit-digital-Logo-digitalizadores-2.jpg 1169w\" sizes=\"auto, (max-width: 1024px) 100vw, 1024px\" \/><\/figure><\/div>\n\n\n<div style=\"height:100px\" aria-hidden=\"true\" class=\"wp-block-spacer\"><\/div>","protected":false},"excerpt":{"rendered":"<p>El presente documento constituye la Pol\u00edtica de Privacidad que aplica a todos los datos de car\u00e1cter personal que tratamos sobre Ud., tanto los recogidos en formato digital, como en otros soportes no digitales, como formularios en papel. Mediante los formularios de recogida de datos gl\u00f9 proceder\u00e1 a informar a sus usuarios de las obligaciones expuestas&#8230;<\/p>","protected":false},"author":2,"featured_media":0,"parent":0,"menu_order":0,"comment_status":"closed","ping_status":"closed","template":"","meta":{"_eb_attr":"","_monsterinsights_skip_tracking":false,"_monsterinsights_sitenote_active":false,"_monsterinsights_sitenote_note":"","_monsterinsights_sitenote_category":0,"_kad_post_transparent":"","_kad_post_title":"hide","_kad_post_layout":"fullwidth","_kad_post_sidebar_id":"","_kad_post_content_style":"unboxed","_kad_post_vertical_padding":"hide","_kad_post_feature":"hide","_kad_post_feature_position":"","_kad_post_header":false,"_kad_post_footer":false,"_kad_post_classname":"","footnotes":""},"class_list":["post-1540","page","type-page","status-publish","hentry"],"yoast_head":"<!-- This site is optimized with the Yoast SEO plugin v26.7 - https:\/\/yoast.com\/wordpress\/plugins\/seo\/ -->\n<title>Pol\u00edtica de Privacidad - be-glu.com<\/title>\n<meta name=\"robots\" content=\"index, follow, max-snippet:-1, max-image-preview:large, max-video-preview:-1\" \/>\n<link rel=\"canonical\" href=\"https:\/\/be-glu.com\/en\/politica-de-privacidad\/\" \/>\n<meta property=\"og:locale\" content=\"en_GB\" \/>\n<meta property=\"og:type\" content=\"article\" \/>\n<meta property=\"og:title\" content=\"Pol\u00edtica de Privacidad - be-glu.com\" \/>\n<meta property=\"og:description\" content=\"El presente documento constituye la Pol\u00edtica de Privacidad que aplica a todos los datos de car\u00e1cter personal que tratamos sobre Ud., tanto los recogidos en formato digital, como en otros soportes no digitales, como formularios en papel. Mediante los formularios de recogida de datos gl\u00f9 proceder\u00e1 a informar a sus usuarios de las obligaciones expuestas...\" \/>\n<meta property=\"og:url\" content=\"https:\/\/be-glu.com\/en\/politica-de-privacidad\/\" \/>\n<meta property=\"og:site_name\" content=\"be-glu.com\" \/>\n<meta property=\"article:modified_time\" content=\"2024-05-21T08:45:31+00:00\" \/>\n<meta property=\"og:image\" content=\"https:\/\/be-glu.com\/wp-content\/uploads\/proteccion_datos.jpg\" \/>\n<meta name=\"twitter:card\" content=\"summary_large_image\" \/>\n<meta name=\"twitter:label1\" content=\"Estimated reading time\" \/>\n\t<meta name=\"twitter:data1\" content=\"6 minutes\" \/>\n<script type=\"application\/ld+json\" class=\"yoast-schema-graph\">{\"@context\":\"https:\/\/schema.org\",\"@graph\":[{\"@type\":\"WebPage\",\"@id\":\"https:\/\/be-glu.com\/politica-de-privacidad\/\",\"url\":\"https:\/\/be-glu.com\/politica-de-privacidad\/\",\"name\":\"Pol\u00edtica de Privacidad - be-glu.com\",\"isPartOf\":{\"@id\":\"https:\/\/be-glu.com\/#website\"},\"primaryImageOfPage\":{\"@id\":\"https:\/\/be-glu.com\/politica-de-privacidad\/#primaryimage\"},\"image\":{\"@id\":\"https:\/\/be-glu.com\/politica-de-privacidad\/#primaryimage\"},\"thumbnailUrl\":\"https:\/\/be-glu.com\/wp-content\/uploads\/proteccion_datos.jpg\",\"datePublished\":\"2024-01-24T11:01:13+00:00\",\"dateModified\":\"2024-05-21T08:45:31+00:00\",\"breadcrumb\":{\"@id\":\"https:\/\/be-glu.com\/politica-de-privacidad\/#breadcrumb\"},\"inLanguage\":\"en-GB\",\"potentialAction\":[{\"@type\":\"ReadAction\",\"target\":[\"https:\/\/be-glu.com\/politica-de-privacidad\/\"]}]},{\"@type\":\"ImageObject\",\"inLanguage\":\"en-GB\",\"@id\":\"https:\/\/be-glu.com\/politica-de-privacidad\/#primaryimage\",\"url\":\"https:\/\/be-glu.com\/wp-content\/uploads\/proteccion_datos.jpg\",\"contentUrl\":\"https:\/\/be-glu.com\/wp-content\/uploads\/proteccion_datos.jpg\"},{\"@type\":\"BreadcrumbList\",\"@id\":\"https:\/\/be-glu.com\/politica-de-privacidad\/#breadcrumb\",\"itemListElement\":[{\"@type\":\"ListItem\",\"position\":1,\"name\":\"Portada\",\"item\":\"https:\/\/be-glu.com\/\"},{\"@type\":\"ListItem\",\"position\":2,\"name\":\"Pol\u00edtica de Privacidad\"}]},{\"@type\":\"WebSite\",\"@id\":\"https:\/\/be-glu.com\/#website\",\"url\":\"https:\/\/be-glu.com\/\",\"name\":\"be-glu.com\",\"description\":\"Artesan\u00eda, cultura, creaci\u00f3n en Espa\u00f1a\",\"publisher\":{\"@id\":\"https:\/\/be-glu.com\/#organization\"},\"potentialAction\":[{\"@type\":\"SearchAction\",\"target\":{\"@type\":\"EntryPoint\",\"urlTemplate\":\"https:\/\/be-glu.com\/?s={search_term_string}\"},\"query-input\":{\"@type\":\"PropertyValueSpecification\",\"valueRequired\":true,\"valueName\":\"search_term_string\"}}],\"inLanguage\":\"en-GB\"},{\"@type\":\"Organization\",\"@id\":\"https:\/\/be-glu.com\/#organization\",\"name\":\"be-glu.com\",\"url\":\"https:\/\/be-glu.com\/\",\"logo\":{\"@type\":\"ImageObject\",\"inLanguage\":\"en-GB\",\"@id\":\"https:\/\/be-glu.com\/#\/schema\/logo\/image\/\",\"url\":\"https:\/\/be-glu.com\/wp-content\/uploads\/cropped-Recurso-2.png\",\"contentUrl\":\"https:\/\/be-glu.com\/wp-content\/uploads\/cropped-Recurso-2.png\",\"width\":231,\"height\":168,\"caption\":\"be-glu.com\"},\"image\":{\"@id\":\"https:\/\/be-glu.com\/#\/schema\/logo\/image\/\"},\"sameAs\":[\"https:\/\/www.instagram.com\/be_glu\/\"]}]}<\/script>\n<!-- \/ Yoast SEO plugin. -->","yoast_head_json":{"title":"Pol\u00edtica de Privacidad - be-glu.com","robots":{"index":"index","follow":"follow","max-snippet":"max-snippet:-1","max-image-preview":"max-image-preview:large","max-video-preview":"max-video-preview:-1"},"canonical":"https:\/\/be-glu.com\/en\/politica-de-privacidad\/","og_locale":"en_GB","og_type":"article","og_title":"Pol\u00edtica de Privacidad - be-glu.com","og_description":"El presente documento constituye la Pol\u00edtica de Privacidad que aplica a todos los datos de car\u00e1cter personal que tratamos sobre Ud., tanto los recogidos en formato digital, como en otros soportes no digitales, como formularios en papel. Mediante los formularios de recogida de datos gl\u00f9 proceder\u00e1 a informar a sus usuarios de las obligaciones expuestas...","og_url":"https:\/\/be-glu.com\/en\/politica-de-privacidad\/","og_site_name":"be-glu.com","article_modified_time":"2024-05-21T08:45:31+00:00","og_image":[{"url":"https:\/\/be-glu.com\/wp-content\/uploads\/proteccion_datos.jpg","type":"","width":"","height":""}],"twitter_card":"summary_large_image","twitter_misc":{"Estimated reading time":"6 minutes"},"schema":{"@context":"https:\/\/schema.org","@graph":[{"@type":"WebPage","@id":"https:\/\/be-glu.com\/politica-de-privacidad\/","url":"https:\/\/be-glu.com\/politica-de-privacidad\/","name":"Pol\u00edtica de Privacidad - be-glu.com","isPartOf":{"@id":"https:\/\/be-glu.com\/#website"},"primaryImageOfPage":{"@id":"https:\/\/be-glu.com\/politica-de-privacidad\/#primaryimage"},"image":{"@id":"https:\/\/be-glu.com\/politica-de-privacidad\/#primaryimage"},"thumbnailUrl":"https:\/\/be-glu.com\/wp-content\/uploads\/proteccion_datos.jpg","datePublished":"2024-01-24T11:01:13+00:00","dateModified":"2024-05-21T08:45:31+00:00","breadcrumb":{"@id":"https:\/\/be-glu.com\/politica-de-privacidad\/#breadcrumb"},"inLanguage":"en-GB","potentialAction":[{"@type":"ReadAction","target":["https:\/\/be-glu.com\/politica-de-privacidad\/"]}]},{"@type":"ImageObject","inLanguage":"en-GB","@id":"https:\/\/be-glu.com\/politica-de-privacidad\/#primaryimage","url":"https:\/\/be-glu.com\/wp-content\/uploads\/proteccion_datos.jpg","contentUrl":"https:\/\/be-glu.com\/wp-content\/uploads\/proteccion_datos.jpg"},{"@type":"BreadcrumbList","@id":"https:\/\/be-glu.com\/politica-de-privacidad\/#breadcrumb","itemListElement":[{"@type":"ListItem","position":1,"name":"Portada","item":"https:\/\/be-glu.com\/"},{"@type":"ListItem","position":2,"name":"Pol\u00edtica de Privacidad"}]},{"@type":"WebSite","@id":"https:\/\/be-glu.com\/#website","url":"https:\/\/be-glu.com\/","name":"be-glu.com","description":"Artesan\u00eda, cultura, creaci\u00f3n en Espa\u00f1a","publisher":{"@id":"https:\/\/be-glu.com\/#organization"},"potentialAction":[{"@type":"SearchAction","target":{"@type":"EntryPoint","urlTemplate":"https:\/\/be-glu.com\/?s={search_term_string}"},"query-input":{"@type":"PropertyValueSpecification","valueRequired":true,"valueName":"search_term_string"}}],"inLanguage":"en-GB"},{"@type":"Organization","@id":"https:\/\/be-glu.com\/#organization","name":"be-glu.com","url":"https:\/\/be-glu.com\/","logo":{"@type":"ImageObject","inLanguage":"en-GB","@id":"https:\/\/be-glu.com\/#\/schema\/logo\/image\/","url":"https:\/\/be-glu.com\/wp-content\/uploads\/cropped-Recurso-2.png","contentUrl":"https:\/\/be-glu.com\/wp-content\/uploads\/cropped-Recurso-2.png","width":231,"height":168,"caption":"be-glu.com"},"image":{"@id":"https:\/\/be-glu.com\/#\/schema\/logo\/image\/"},"sameAs":["https:\/\/www.instagram.com\/be_glu\/"]}]}},"_links":{"self":[{"href":"https:\/\/be-glu.com\/en\/wp-json\/wp\/v2\/pages\/1540","targetHints":{"allow":["GET"]}}],"collection":[{"href":"https:\/\/be-glu.com\/en\/wp-json\/wp\/v2\/pages"}],"about":[{"href":"https:\/\/be-glu.com\/en\/wp-json\/wp\/v2\/types\/page"}],"author":[{"embeddable":true,"href":"https:\/\/be-glu.com\/en\/wp-json\/wp\/v2\/users\/2"}],"replies":[{"embeddable":true,"href":"https:\/\/be-glu.com\/en\/wp-json\/wp\/v2\/comments?post=1540"}],"version-history":[{"count":27,"href":"https:\/\/be-glu.com\/en\/wp-json\/wp\/v2\/pages\/1540\/revisions"}],"predecessor-version":[{"id":3171,"href":"https:\/\/be-glu.com\/en\/wp-json\/wp\/v2\/pages\/1540\/revisions\/3171"}],"wp:attachment":[{"href":"https:\/\/be-glu.com\/en\/wp-json\/wp\/v2\/media?parent=1540"}],"curies":[{"name":"wp","href":"https:\/\/api.w.org\/{rel}","templated":true}]}}