{"id":1568,"date":"2024-01-24T12:31:39","date_gmt":"2024-01-24T11:31:39","guid":{"rendered":"https:\/\/be-glu.com\/?page_id=1568"},"modified":"2024-05-16T13:25:27","modified_gmt":"2024-05-16T11:25:27","slug":"plotica-de-cookies","status":"publish","type":"page","link":"https:\/\/be-glu.com\/en\/plotica-de-cookies\/","title":{"rendered":"Cookies policy"},"content":{"rendered":"<style>.wp-block-kadence-image.kb-image1568_520c59-c2:not(.kb-specificity-added):not(.kb-extra-specificity-added){margin-top:0px;margin-bottom:0px;}.kb-image1568_520c59-c2:not(.kb-image-is-ratio-size) .kb-img, .kb-image1568_520c59-c2.kb-image-is-ratio-size{padding-top:0px;padding-bottom:0px;}.kb-image1568_520c59-c2 .kb-image-has-overlay:after{opacity:0.3;}<\/style>\n<figure class=\"wp-block-kadence-image kb-image1568_520c59-c2 alignfull kb-image-is-ratio-size\"><div class=\"kb-is-ratio-image kb-image-ratio-land31\"><img loading=\"lazy\" decoding=\"async\" width=\"1280\" height=\"853\" src=\"https:\/\/be-glu.com\/wp-content\/uploads\/politica-galletas.jpg\" class=\"kb-img wp-image-1572\" srcset=\"https:\/\/be-glu.com\/wp-content\/uploads\/politica-galletas.jpg 1280w, https:\/\/be-glu.com\/wp-content\/uploads\/politica-galletas-300x200.jpg 300w, https:\/\/be-glu.com\/wp-content\/uploads\/politica-galletas-1024x682.jpg 1024w, https:\/\/be-glu.com\/wp-content\/uploads\/politica-galletas-768x512.jpg 768w\" sizes=\"auto, (max-width: 1280px) 100vw, 1280px\" \/><\/div><\/figure>\n\n\n\n<div style=\"height:40px\" aria-hidden=\"true\" class=\"wp-block-spacer\"><\/div>\n\n\n\n<div class=\"wp-block-essential-blocks-advanced-heading\"><div class=\"eb-parent-wrapper eb-parent-eb-advance-heading-grzdy\"><div class=\"eb-advance-heading-wrapper eb-advance-heading-grzdy button-1\" data-id=\"eb-advance-heading-grzdy\"><h2 class=\"eb-ah-title\"><strong>Cookies policy<\/strong><\/h2><div class=\"eb-ah-separator line\"><\/div><\/div><\/div><\/div>\n\n\n\n<div style=\"height:40px\" aria-hidden=\"true\" class=\"wp-block-spacer\"><\/div>\n\n\n\n<p style=\"padding-right:var(--wp--preset--spacing--80);padding-left:var(--wp--preset--spacing--80)\">In compliance with Law 34\/2002, of July 11, on Information Society Services and Electronic Commerce, we inform you of the use of cookies on our Website in order to facilitate and improve navigation for users, remembering where you browsed on the website, your username upon registration, viewing preferences and settings, and offering each user information that may be of interest to them.<\/p>\n\n\n\n<div style=\"height:40px\" aria-hidden=\"true\" class=\"wp-block-spacer\"><\/div>\n\n\n\n<div class=\"wp-block-essential-blocks-advanced-heading\"><div class=\"eb-parent-wrapper eb-parent-eb-advance-heading-ps4dt\"><div class=\"eb-advance-heading-wrapper eb-advance-heading-ps4dt button-1\" data-id=\"eb-advance-heading-ps4dt\"><h2 class=\"eb-ah-title\"><strong>What are cookies?<\/strong><\/h2><div class=\"eb-ah-separator line\"><\/div><\/div><\/div><\/div>\n\n\n\n<div style=\"height:40px\" aria-hidden=\"true\" class=\"wp-block-spacer\"><\/div>\n\n\n\n<p style=\"padding-right:var(--wp--preset--spacing--80);padding-left:var(--wp--preset--spacing--80)\">A cookie is a file that is downloaded to your device (computer, tablet, smartphones, etc.) when you access certain web pages. Cookies allow a website, among other things, to store and retrieve information about the browsing habits of a user or their equipment and, depending on the information they contain and the way you use your equipment, they can be used to recognize to user.<\/p>\n\n\n\n<div style=\"height:40px\" aria-hidden=\"true\" class=\"wp-block-spacer\"><\/div>\n\n\n\n<div class=\"wp-block-essential-blocks-advanced-heading\"><div class=\"eb-parent-wrapper eb-parent-eb-advance-heading-dikdi\"><div class=\"eb-advance-heading-wrapper eb-advance-heading-dikdi button-1\" data-id=\"eb-advance-heading-dikdi\"><h2 class=\"eb-ah-title\"><strong>Types of cookies<\/strong><\/h2><div class=\"eb-ah-separator line\"><\/div><\/div><\/div><\/div>\n\n\n\n<div style=\"height:40px\" aria-hidden=\"true\" class=\"wp-block-spacer\"><\/div>\n\n\n\n<p style=\"padding-right:var(--wp--preset--spacing--80);padding-left:var(--wp--preset--spacing--80)\">Depending on who is the entity that manages the domain from which the cookies are sent and processes the data obtained, two types can be distinguished:<\/p>\n\n\n\n<ul class=\"wp-block-list\" style=\"padding-right:20%;padding-left:20%\">\n<li><strong>Own cookies:<\/strong>&nbsp;those that are sent to the user's terminal equipment from a computer or domain managed by the editor itself and from which the service requested by the user is provided.<\/li>\n\n\n\n<li><strong>Third-party cookies:<\/strong>&nbsp;those that are sent to the user's terminal equipment from a computer or domain that is not managed by the editor, but by another entity that processes the data obtained through cookies.<\/li>\n<\/ul>\n\n\n\n<p style=\"padding-right:var(--wp--preset--spacing--80);padding-left:var(--wp--preset--spacing--80)\">In the event that the cookies are installed from a computer or domain managed by the editor itself but the information collected through them is managed by a third party, they cannot be considered as own cookies.<\/p>\n\n\n\n<p style=\"padding-right:var(--wp--preset--spacing--80);padding-left:var(--wp--preset--spacing--80)\">There is also a second classification according to the period of time they remain stored in the client's browser, which may be<\/p>\n\n\n\n<ul class=\"wp-block-list\" style=\"padding-right:20%;padding-left:20%\">\n<li><strong>Session cookies :<\/strong>designed to collect and store data while the user accesses a web page. They are usually used to store information that is only interesting to keep for the provision of the service requested by the user on a single occasion (eg a list of products purchased).<\/li>\n\n\n\n<li><strong>Persistent cookies:<\/strong>&nbsp;the data continues to be stored in the terminal and can be accessed and processed for a period defined by the person responsible for the cookie, which can range from a few minutes to several years.<\/li>\n<\/ul>\n\n\n\n<p style=\"padding-right:var(--wp--preset--spacing--80);padding-left:var(--wp--preset--spacing--80)\">Finally, there is another classification with five types of cookies depending on the purpose for which the data obtained is processed:<\/p>\n\n\n\n<ul class=\"wp-block-list\" style=\"padding-right:20%;padding-left:20%\">\n<li><strong>Technical cookies:&nbsp;<\/strong>those that allow the user to navigate through a web page, platform or application and use the different options or services that exist there, such as, for example, controlling traffic and data communication, identifying the session. , access restricted access parts, remember the elements that make up an order, carry out the purchase process of an order, make a request for registration or participation in an event, use security elements during navigation, store content for the dissemination of videos or sound or share content through social networks.<\/li>\n\n\n\n<li><strong>Personalization cookies:<\/strong>&nbsp;allow the user to access the service with some general characteristics predefined based on a series of criteria on the user's terminal, such as the language, the type of browser through which the service is accessed, the configuration regional from where you access the service, etc.<\/li>\n\n\n\n<li><strong>Analysis cookies:<\/strong>&nbsp;they allow the person responsible for them to monitor and analyze the behavior of the users of the websites to which they are linked. The information collected through this type of cookies is used to measure the activity of the websites, applications or platforms and to prepare navigation profiles of the users of said sites, applications and platforms, in order to introduce improvements in based on the analysis of usage data made by users of the service.<\/li>\n\n\n\n<li><strong>Advertising cookies:<\/strong>&nbsp;they allow the management, in the most efficient way possible, of advertising spaces.<\/li>\n\n\n\n<li><strong>Behavioral advertising cookies:&nbsp;<\/strong>they store information on user behavior obtained through continuous observation of their browsing habits, which allows the development of a specific profile to display advertising based on it.<\/li>\n\n\n\n<li><strong>Cookies from external social networks:<\/strong>&nbsp;they are used so that visitors can interact with the content of different social platforms (facebook, youtube, twitter, linkedIn, etc.) and are generated only for the users of said social networks. The conditions of use of these cookies and the information collected are regulated by the privacy policy of the corresponding social platform.<\/li>\n<\/ul>\n\n\n\n<div style=\"height:40px\" aria-hidden=\"true\" class=\"wp-block-spacer\"><\/div>\n\n\n\n<div class=\"wp-block-essential-blocks-advanced-heading\"><div class=\"eb-parent-wrapper eb-parent-eb-advance-heading-tqnip\"><div class=\"eb-advance-heading-wrapper eb-advance-heading-tqnip button-1\" data-id=\"eb-advance-heading-tqnip\"><h2 class=\"eb-ah-title\"><strong>Consent<\/strong><\/h2><div class=\"eb-ah-separator line\"><\/div><\/div><\/div><\/div>\n\n\n\n<div style=\"height:40px\" aria-hidden=\"true\" class=\"wp-block-spacer\"><\/div>\n\n\n\n<p style=\"padding-right:var(--wp--preset--spacing--80);padding-left:var(--wp--preset--spacing--80)\">If you consent to the use of cookies, continue browsing or click on a link, it will be understood that you have consented to the use of the previously announced cookies, the conditions contained in this Cookies Policy and therefore the installation of the same in your equipment or device.<\/p>\n\n\n\n<div style=\"height:40px\" aria-hidden=\"true\" class=\"wp-block-spacer\"><\/div>\n\n\n\n<div class=\"wp-block-essential-blocks-advanced-heading\"><div class=\"eb-parent-wrapper eb-parent-eb-advance-heading-2963i\"><div class=\"eb-advance-heading-wrapper eb-advance-heading-2963i button-1\" data-id=\"eb-advance-heading-2963i\"><h2 class=\"eb-ah-title\"><strong>Withdraw my consent<\/strong><\/h2><div class=\"eb-ah-separator line\"><\/div><\/div><\/div><\/div>\n\n\n\n<div style=\"height:40px\" aria-hidden=\"true\" class=\"wp-block-spacer\"><\/div>\n\n\n\n<p style=\"padding-right:var(--wp--preset--spacing--80);padding-left:var(--wp--preset--spacing--80)\">Cookies are useful for several reasons. From a technical point of view, they allow web pages to function more agile and adapted to your preferences, such as storing your language or the currency of your country. In addition, they help those responsible for the websites to improve the services they offer, thanks to the statistical information they collect through them. Finally, they serve to make what we show you more efficient, thanks to which we can offer you services for free.<\/p>\n\n\n\n<p style=\"padding-right:var(--wp--preset--spacing--80);padding-left:var(--wp--preset--spacing--80)\">However, if you wish to withdraw your consent related to this Cookies Policy at any time, you must delete the cookies stored on your computer (computer or mobile device) through the settings and configurations of your Internet browser.<\/p>\n\n\n\n<div style=\"height:40px\" aria-hidden=\"true\" class=\"wp-block-spacer\"><\/div>\n\n\n\n<div class=\"wp-block-essential-blocks-advanced-heading\"><div class=\"eb-parent-wrapper eb-parent-eb-advance-heading-s3gwv\"><div class=\"eb-advance-heading-wrapper eb-advance-heading-s3gwv button-1\" data-id=\"eb-advance-heading-s3gwv\"><h2 class=\"eb-ah-title\"><strong>Disable and block cookies<\/strong><\/h2><div class=\"eb-ah-separator line\"><\/div><\/div><\/div><\/div>\n\n\n\n<div style=\"height:40px\" aria-hidden=\"true\" class=\"wp-block-spacer\"><\/div>\n\n\n\n<p style=\"padding-right:var(--wp--preset--spacing--80);padding-left:var(--wp--preset--spacing--80)\">We inform you that if you block or do not accept the installation of cookies, it is possible that certain services will not be available without the use of these or that you will not be able to access certain services or take full advantage of everything that our websites and applications offer you. they offer.<\/p>\n\n\n\n<p style=\"padding-right:var(--wp--preset--spacing--80);padding-left:var(--wp--preset--spacing--80)\">Below we offer links where you will find information on how you can activate your preferences in the main browsers:<\/p>\n\n\n\n<ul class=\"wp-block-list\" style=\"padding-right:20%;padding-left:20%\">\n<li>If you use Microsoft Internet Explorer, you will find the option in the Tools &gt; Internet Options &gt; Privacy &gt; Settings menu. To find out more visit&nbsp;<a href=\"http:\/\/windows.microsoft.com\/es-es\/windows-vista\/block-or-allow-Cookies\">this link<\/a>.<\/li>\n\n\n\n<li>If you use Firefox, you will find the option in the menu Tools &gt; Options &gt; Privacy &gt; Cookies. To find out more visit&nbsp;<a href=\"https:\/\/support.mozilla.org\/es\/kb\/impedir-que-los-sitios-web-guarden-sus-preferencia\">this link<\/a>.<\/li>\n\n\n\n<li>If you use Chrome, in the Options &gt; Advanced options &gt; Privacy section. To find out more visit&nbsp;<a href=\"https:\/\/support.google.com\/accounts\/answer\/61416?hl=es\">this link<\/a>.<\/li>\n\n\n\n<li>If you use Opera, in the Security and Privacy option, you can configure the browser. To learn more visit:&nbsp;<a href=\"https:\/\/help.opera.com\/en\/latest\/security-and-privacy\/\">this link<\/a>.<\/li>\n\n\n\n<li>If you use Safari you will find the option in the Preferences\/Privacy menu. To learn more visit:&nbsp;<a href=\"http:\/\/support.apple.com\/kb\/HT1677?viewlocale=es_ES\">this link<\/a>.<\/li>\n<\/ul>\n\n\n\n<div style=\"height:40px\" aria-hidden=\"true\" class=\"wp-block-spacer\"><\/div>\n\n\n\n<div class=\"wp-block-essential-blocks-advanced-heading\"><div class=\"eb-parent-wrapper eb-parent-eb-advance-heading-hwjyd\"><div class=\"eb-advance-heading-wrapper eb-advance-heading-hwjyd button-1\" data-id=\"eb-advance-heading-hwjyd\"><h2 class=\"eb-ah-title\"><strong>Update of our Cookies Policy<\/strong><\/h2><div class=\"eb-ah-separator line\"><\/div><\/div><\/div><\/div>\n\n\n\n<div style=\"height:40px\" aria-hidden=\"true\" class=\"wp-block-spacer\"><\/div>\n\n\n\n<p style=\"padding-right:var(--wp--preset--spacing--80);padding-left:var(--wp--preset--spacing--80)\">It is possible that we update the Cookies Policy of our Website, therefore we recommend that you review this policy each time you access our Website in order to be adequately informed about how and why we use cookies.<\/p>\n\n\n\n<div style=\"height:80px\" aria-hidden=\"true\" class=\"wp-block-spacer\"><\/div>\n\n\n<div class=\"wp-block-image\">\n<figure class=\"aligncenter size-large\"><img loading=\"lazy\" decoding=\"async\" width=\"1024\" height=\"153\" src=\"http:\/\/be-glu.com\/wp-content\/uploads\/kit-digital-Logo-digitalizadores-2-1024x153.jpg\" alt=\"\" class=\"wp-image-1388\" srcset=\"https:\/\/be-glu.com\/wp-content\/uploads\/kit-digital-Logo-digitalizadores-2-1024x153.jpg 1024w, https:\/\/be-glu.com\/wp-content\/uploads\/kit-digital-Logo-digitalizadores-2-300x45.jpg 300w, https:\/\/be-glu.com\/wp-content\/uploads\/kit-digital-Logo-digitalizadores-2-768x115.jpg 768w, https:\/\/be-glu.com\/wp-content\/uploads\/kit-digital-Logo-digitalizadores-2.jpg 1169w\" sizes=\"auto, (max-width: 1024px) 100vw, 1024px\" \/><\/figure><\/div>\n\n\n<div style=\"height:100px\" aria-hidden=\"true\" class=\"wp-block-spacer\"><\/div>","protected":false},"excerpt":{"rendered":"<p>En cumplimiento de la Ley 34\/2002, de 11 de julio, de Servicios de la Sociedad de la Informaci\u00f3n y Comercio Electr\u00f3nico le informamos de la utilizaci\u00f3n de cookies en nuestro Sitio Web con el fin de facilitar y mejorar la navegaci\u00f3n a los usuarios, recordando por donde naveg\u00f3 en el sitio web, su nombre de&#8230;<\/p>","protected":false},"author":2,"featured_media":0,"parent":0,"menu_order":0,"comment_status":"closed","ping_status":"closed","template":"","meta":{"_eb_attr":"","_monsterinsights_skip_tracking":false,"_monsterinsights_sitenote_active":false,"_monsterinsights_sitenote_note":"","_monsterinsights_sitenote_category":0,"_kad_post_transparent":"","_kad_post_title":"hide","_kad_post_layout":"fullwidth","_kad_post_sidebar_id":"","_kad_post_content_style":"unboxed","_kad_post_vertical_padding":"hide","_kad_post_feature":"hide","_kad_post_feature_position":"","_kad_post_header":false,"_kad_post_footer":false,"_kad_post_classname":"","footnotes":""},"class_list":["post-1568","page","type-page","status-publish","hentry"],"yoast_head":"<!-- This site is optimized with the Yoast SEO plugin v26.7 - https:\/\/yoast.com\/wordpress\/plugins\/seo\/ -->\n<title>Pol\u00edtica de Cookies - be-glu.com<\/title>\n<meta name=\"robots\" content=\"index, follow, max-snippet:-1, max-image-preview:large, max-video-preview:-1\" \/>\n<link rel=\"canonical\" href=\"https:\/\/be-glu.com\/en\/plotica-de-cookies\/\" \/>\n<meta property=\"og:locale\" content=\"en_GB\" \/>\n<meta property=\"og:type\" content=\"article\" \/>\n<meta property=\"og:title\" content=\"Pol\u00edtica de Cookies - be-glu.com\" \/>\n<meta property=\"og:description\" content=\"En cumplimiento de la Ley 34\/2002, de 11 de julio, de Servicios de la Sociedad de la Informaci\u00f3n y Comercio Electr\u00f3nico le informamos de la utilizaci\u00f3n de cookies en nuestro Sitio Web con el fin de facilitar y mejorar la navegaci\u00f3n a los usuarios, recordando por donde naveg\u00f3 en el sitio web, su nombre de...\" \/>\n<meta property=\"og:url\" content=\"https:\/\/be-glu.com\/en\/plotica-de-cookies\/\" \/>\n<meta property=\"og:site_name\" content=\"be-glu.com\" \/>\n<meta property=\"article:modified_time\" content=\"2024-05-16T11:25:27+00:00\" \/>\n<meta property=\"og:image\" content=\"https:\/\/be-glu.com\/wp-content\/uploads\/politica-galletas.jpg\" \/>\n<meta name=\"twitter:card\" content=\"summary_large_image\" \/>\n<meta name=\"twitter:label1\" content=\"Estimated reading time\" \/>\n\t<meta name=\"twitter:data1\" content=\"6 minutes\" \/>\n<script type=\"application\/ld+json\" class=\"yoast-schema-graph\">{\"@context\":\"https:\/\/schema.org\",\"@graph\":[{\"@type\":\"WebPage\",\"@id\":\"https:\/\/be-glu.com\/plotica-de-cookies\/\",\"url\":\"https:\/\/be-glu.com\/plotica-de-cookies\/\",\"name\":\"Pol\u00edtica de Cookies - be-glu.com\",\"isPartOf\":{\"@id\":\"https:\/\/be-glu.com\/#website\"},\"primaryImageOfPage\":{\"@id\":\"https:\/\/be-glu.com\/plotica-de-cookies\/#primaryimage\"},\"image\":{\"@id\":\"https:\/\/be-glu.com\/plotica-de-cookies\/#primaryimage\"},\"thumbnailUrl\":\"https:\/\/be-glu.com\/wp-content\/uploads\/politica-galletas.jpg\",\"datePublished\":\"2024-01-24T11:31:39+00:00\",\"dateModified\":\"2024-05-16T11:25:27+00:00\",\"breadcrumb\":{\"@id\":\"https:\/\/be-glu.com\/plotica-de-cookies\/#breadcrumb\"},\"inLanguage\":\"en-GB\",\"potentialAction\":[{\"@type\":\"ReadAction\",\"target\":[\"https:\/\/be-glu.com\/plotica-de-cookies\/\"]}]},{\"@type\":\"ImageObject\",\"inLanguage\":\"en-GB\",\"@id\":\"https:\/\/be-glu.com\/plotica-de-cookies\/#primaryimage\",\"url\":\"https:\/\/be-glu.com\/wp-content\/uploads\/politica-galletas.jpg\",\"contentUrl\":\"https:\/\/be-glu.com\/wp-content\/uploads\/politica-galletas.jpg\"},{\"@type\":\"BreadcrumbList\",\"@id\":\"https:\/\/be-glu.com\/plotica-de-cookies\/#breadcrumb\",\"itemListElement\":[{\"@type\":\"ListItem\",\"position\":1,\"name\":\"Portada\",\"item\":\"https:\/\/be-glu.com\/\"},{\"@type\":\"ListItem\",\"position\":2,\"name\":\"Pol\u00edtica de Cookies\"}]},{\"@type\":\"WebSite\",\"@id\":\"https:\/\/be-glu.com\/#website\",\"url\":\"https:\/\/be-glu.com\/\",\"name\":\"be-glu.com\",\"description\":\"Artesan\u00eda, cultura, creaci\u00f3n en Espa\u00f1a\",\"publisher\":{\"@id\":\"https:\/\/be-glu.com\/#organization\"},\"potentialAction\":[{\"@type\":\"SearchAction\",\"target\":{\"@type\":\"EntryPoint\",\"urlTemplate\":\"https:\/\/be-glu.com\/?s={search_term_string}\"},\"query-input\":{\"@type\":\"PropertyValueSpecification\",\"valueRequired\":true,\"valueName\":\"search_term_string\"}}],\"inLanguage\":\"en-GB\"},{\"@type\":\"Organization\",\"@id\":\"https:\/\/be-glu.com\/#organization\",\"name\":\"be-glu.com\",\"url\":\"https:\/\/be-glu.com\/\",\"logo\":{\"@type\":\"ImageObject\",\"inLanguage\":\"en-GB\",\"@id\":\"https:\/\/be-glu.com\/#\/schema\/logo\/image\/\",\"url\":\"https:\/\/be-glu.com\/wp-content\/uploads\/cropped-Recurso-2.png\",\"contentUrl\":\"https:\/\/be-glu.com\/wp-content\/uploads\/cropped-Recurso-2.png\",\"width\":231,\"height\":168,\"caption\":\"be-glu.com\"},\"image\":{\"@id\":\"https:\/\/be-glu.com\/#\/schema\/logo\/image\/\"},\"sameAs\":[\"https:\/\/www.instagram.com\/be_glu\/\"]}]}<\/script>\n<!-- \/ Yoast SEO plugin. -->","yoast_head_json":{"title":"Pol\u00edtica de Cookies - be-glu.com","robots":{"index":"index","follow":"follow","max-snippet":"max-snippet:-1","max-image-preview":"max-image-preview:large","max-video-preview":"max-video-preview:-1"},"canonical":"https:\/\/be-glu.com\/en\/plotica-de-cookies\/","og_locale":"en_GB","og_type":"article","og_title":"Pol\u00edtica de Cookies - be-glu.com","og_description":"En cumplimiento de la Ley 34\/2002, de 11 de julio, de Servicios de la Sociedad de la Informaci\u00f3n y Comercio Electr\u00f3nico le informamos de la utilizaci\u00f3n de cookies en nuestro Sitio Web con el fin de facilitar y mejorar la navegaci\u00f3n a los usuarios, recordando por donde naveg\u00f3 en el sitio web, su nombre de...","og_url":"https:\/\/be-glu.com\/en\/plotica-de-cookies\/","og_site_name":"be-glu.com","article_modified_time":"2024-05-16T11:25:27+00:00","og_image":[{"url":"https:\/\/be-glu.com\/wp-content\/uploads\/politica-galletas.jpg","type":"","width":"","height":""}],"twitter_card":"summary_large_image","twitter_misc":{"Estimated reading time":"6 minutes"},"schema":{"@context":"https:\/\/schema.org","@graph":[{"@type":"WebPage","@id":"https:\/\/be-glu.com\/plotica-de-cookies\/","url":"https:\/\/be-glu.com\/plotica-de-cookies\/","name":"Pol\u00edtica de Cookies - be-glu.com","isPartOf":{"@id":"https:\/\/be-glu.com\/#website"},"primaryImageOfPage":{"@id":"https:\/\/be-glu.com\/plotica-de-cookies\/#primaryimage"},"image":{"@id":"https:\/\/be-glu.com\/plotica-de-cookies\/#primaryimage"},"thumbnailUrl":"https:\/\/be-glu.com\/wp-content\/uploads\/politica-galletas.jpg","datePublished":"2024-01-24T11:31:39+00:00","dateModified":"2024-05-16T11:25:27+00:00","breadcrumb":{"@id":"https:\/\/be-glu.com\/plotica-de-cookies\/#breadcrumb"},"inLanguage":"en-GB","potentialAction":[{"@type":"ReadAction","target":["https:\/\/be-glu.com\/plotica-de-cookies\/"]}]},{"@type":"ImageObject","inLanguage":"en-GB","@id":"https:\/\/be-glu.com\/plotica-de-cookies\/#primaryimage","url":"https:\/\/be-glu.com\/wp-content\/uploads\/politica-galletas.jpg","contentUrl":"https:\/\/be-glu.com\/wp-content\/uploads\/politica-galletas.jpg"},{"@type":"BreadcrumbList","@id":"https:\/\/be-glu.com\/plotica-de-cookies\/#breadcrumb","itemListElement":[{"@type":"ListItem","position":1,"name":"Portada","item":"https:\/\/be-glu.com\/"},{"@type":"ListItem","position":2,"name":"Pol\u00edtica de Cookies"}]},{"@type":"WebSite","@id":"https:\/\/be-glu.com\/#website","url":"https:\/\/be-glu.com\/","name":"be-glu.com","description":"Artesan\u00eda, cultura, creaci\u00f3n en Espa\u00f1a","publisher":{"@id":"https:\/\/be-glu.com\/#organization"},"potentialAction":[{"@type":"SearchAction","target":{"@type":"EntryPoint","urlTemplate":"https:\/\/be-glu.com\/?s={search_term_string}"},"query-input":{"@type":"PropertyValueSpecification","valueRequired":true,"valueName":"search_term_string"}}],"inLanguage":"en-GB"},{"@type":"Organization","@id":"https:\/\/be-glu.com\/#organization","name":"be-glu.com","url":"https:\/\/be-glu.com\/","logo":{"@type":"ImageObject","inLanguage":"en-GB","@id":"https:\/\/be-glu.com\/#\/schema\/logo\/image\/","url":"https:\/\/be-glu.com\/wp-content\/uploads\/cropped-Recurso-2.png","contentUrl":"https:\/\/be-glu.com\/wp-content\/uploads\/cropped-Recurso-2.png","width":231,"height":168,"caption":"be-glu.com"},"image":{"@id":"https:\/\/be-glu.com\/#\/schema\/logo\/image\/"},"sameAs":["https:\/\/www.instagram.com\/be_glu\/"]}]}},"_links":{"self":[{"href":"https:\/\/be-glu.com\/en\/wp-json\/wp\/v2\/pages\/1568","targetHints":{"allow":["GET"]}}],"collection":[{"href":"https:\/\/be-glu.com\/en\/wp-json\/wp\/v2\/pages"}],"about":[{"href":"https:\/\/be-glu.com\/en\/wp-json\/wp\/v2\/types\/page"}],"author":[{"embeddable":true,"href":"https:\/\/be-glu.com\/en\/wp-json\/wp\/v2\/users\/2"}],"replies":[{"embeddable":true,"href":"https:\/\/be-glu.com\/en\/wp-json\/wp\/v2\/comments?post=1568"}],"version-history":[{"count":19,"href":"https:\/\/be-glu.com\/en\/wp-json\/wp\/v2\/pages\/1568\/revisions"}],"predecessor-version":[{"id":3111,"href":"https:\/\/be-glu.com\/en\/wp-json\/wp\/v2\/pages\/1568\/revisions\/3111"}],"wp:attachment":[{"href":"https:\/\/be-glu.com\/en\/wp-json\/wp\/v2\/media?parent=1568"}],"curies":[{"name":"wp","href":"https:\/\/api.w.org\/{rel}","templated":true}]}}