{"id":2488,"date":"2024-02-07T11:40:31","date_gmt":"2024-02-07T10:40:31","guid":{"rendered":"https:\/\/be-glu.com\/?page_id=2488"},"modified":"2024-06-05T10:55:18","modified_gmt":"2024-06-05T08:55:18","slug":"contacto","status":"publish","type":"page","link":"https:\/\/be-glu.com\/en\/contacto\/","title":{"rendered":"Contact"},"content":{"rendered":"<style>.kb-row-layout-id2488_32c89e-f2 > .kt-row-column-wrap{align-content:start;}:where(.kb-row-layout-id2488_32c89e-f2 > .kt-row-column-wrap) > .wp-block-kadence-column{justify-content:start;}.kb-row-layout-id2488_32c89e-f2 > .kt-row-column-wrap{column-gap:var(--global-kb-gap-md, 2rem);row-gap:var(--global-kb-gap-md, 2rem);max-width:var( --global-content-width, 1290px );padding-left:var(--global-content-edge-padding);padding-right:var(--global-content-edge-padding);padding-top:189px;padding-bottom:190px;grid-template-columns:minmax(0, 1fr);}.kb-row-layout-id2488_32c89e-f2 > .kt-row-layout-overlay{opacity:0.92;background-image:url('https:\/\/be-glu.com\/wp-content\/uploads\/escuchar.jpg');background-size:cover;background-position:54% 26%;background-attachment:scroll;background-repeat:no-repeat;mix-blend-mode:normal;}@media all and (max-width: 1024px){.kb-row-layout-id2488_32c89e-f2 > .kt-row-column-wrap{grid-template-columns:minmax(0, 1fr);}}@media all and (max-width: 767px){.kb-row-layout-id2488_32c89e-f2 > .kt-row-column-wrap{grid-template-columns:minmax(0, 1fr);}}<\/style><div class=\"kb-row-layout-wrap kb-row-layout-id2488_32c89e-f2 alignnone has-theme-palette3-background-color kt-row-has-bg wp-block-kadence-rowlayout\"><div class=\"kt-row-layout-overlay kt-row-overlay-normal\"><\/div><div class=\"kt-row-column-wrap kt-has-1-columns kt-row-layout-equal kt-tab-layout-inherit kt-mobile-layout-row kt-row-valign-top kb-theme-content-width\">\n<style>.kadence-column2488_bbbf5d-75 > .kt-inside-inner-col,.kadence-column2488_bbbf5d-75 > .kt-inside-inner-col:before{border-top-left-radius:0px;border-top-right-radius:0px;border-bottom-right-radius:0px;border-bottom-left-radius:0px;}.kadence-column2488_bbbf5d-75 > .kt-inside-inner-col{column-gap:var(--global-kb-gap-sm, 1rem);}.kadence-column2488_bbbf5d-75 > .kt-inside-inner-col{flex-direction:column;}.kadence-column2488_bbbf5d-75 > .kt-inside-inner-col > .aligncenter{width:100%;}.kadence-column2488_bbbf5d-75 > .kt-inside-inner-col:before{opacity:0.3;}.kadence-column2488_bbbf5d-75{position:relative;}@media all and (max-width: 1024px){.kadence-column2488_bbbf5d-75 > .kt-inside-inner-col{flex-direction:column;justify-content:center;}}@media all and (max-width: 767px){.kadence-column2488_bbbf5d-75 > .kt-inside-inner-col{flex-direction:column;justify-content:center;}}<\/style>\n<div class=\"wp-block-kadence-column kadence-column2488_bbbf5d-75 inner-column-1\"><div class=\"kt-inside-inner-col\"><style>.wp-block-kadence-advancedheading.kt-adv-heading2488_dfe3a0-db, .wp-block-kadence-advancedheading.kt-adv-heading2488_dfe3a0-db[data-kb-block=\"kb-adv-heading2488_dfe3a0-db\"]{text-align:center;font-size:var(--global-kb-font-size-xxl, 4rem);font-style:normal;text-shadow:1px 1px 1px #0a0a0a;}.wp-block-kadence-advancedheading.kt-adv-heading2488_dfe3a0-db mark.kt-highlight, .wp-block-kadence-advancedheading.kt-adv-heading2488_dfe3a0-db[data-kb-block=\"kb-adv-heading2488_dfe3a0-db\"] mark.kt-highlight{font-style:normal;color:#f76a0c;-webkit-box-decoration-break:clone;box-decoration-break:clone;padding-top:0px;padding-right:0px;padding-bottom:0px;padding-left:0px;}.wp-block-kadence-advancedheading.kt-adv-heading2488_dfe3a0-db img.kb-inline-image, .wp-block-kadence-advancedheading.kt-adv-heading2488_dfe3a0-db[data-kb-block=\"kb-adv-heading2488_dfe3a0-db\"] img.kb-inline-image{width:150px;vertical-align:baseline;}@media all and (max-width: 1024px){.wp-block-kadence-advancedheading.kt-adv-heading2488_dfe3a0-db, .wp-block-kadence-advancedheading.kt-adv-heading2488_dfe3a0-db[data-kb-block=\"kb-adv-heading2488_dfe3a0-db\"]{text-shadow:1px 1px 1px #0a0a0a;font-size:var(--global-kb-font-size-xxl, 4rem);}}@media all and (max-width: 767px){.wp-block-kadence-advancedheading.kt-adv-heading2488_dfe3a0-db, .wp-block-kadence-advancedheading.kt-adv-heading2488_dfe3a0-db[data-kb-block=\"kb-adv-heading2488_dfe3a0-db\"]{text-shadow:1px 1px 1px #0a0a0a;font-size:var(--global-kb-font-size-xl, 3rem);}}<\/style>\n<p class=\"kt-adv-heading2488_dfe3a0-db wp-block-kadence-advancedheading has-theme-palette-9-color has-text-color\" data-kb-block=\"kb-adv-heading2488_dfe3a0-db\"><strong>We hear you<\/strong><\/p>\n\n\n<style>.wp-block-kadence-advancedheading.kt-adv-heading2488_bc06dc-e6, .wp-block-kadence-advancedheading.kt-adv-heading2488_bc06dc-e6[data-kb-block=\"kb-adv-heading2488_bc06dc-e6\"]{text-align:left;font-size:var(--global-kb-font-size-xxl, 4rem);font-style:normal;text-shadow:1px 1px 1px #0a0a0a;}.wp-block-kadence-advancedheading.kt-adv-heading2488_bc06dc-e6 mark.kt-highlight, .wp-block-kadence-advancedheading.kt-adv-heading2488_bc06dc-e6[data-kb-block=\"kb-adv-heading2488_bc06dc-e6\"] mark.kt-highlight{font-style:normal;color:#f76a0c;-webkit-box-decoration-break:clone;box-decoration-break:clone;padding-top:0px;padding-right:0px;padding-bottom:0px;padding-left:0px;}.wp-block-kadence-advancedheading.kt-adv-heading2488_bc06dc-e6 img.kb-inline-image, .wp-block-kadence-advancedheading.kt-adv-heading2488_bc06dc-e6[data-kb-block=\"kb-adv-heading2488_bc06dc-e6\"] img.kb-inline-image{width:150px;vertical-align:baseline;}@media all and (max-width: 1024px){.wp-block-kadence-advancedheading.kt-adv-heading2488_bc06dc-e6, .wp-block-kadence-advancedheading.kt-adv-heading2488_bc06dc-e6[data-kb-block=\"kb-adv-heading2488_bc06dc-e6\"]{text-shadow:1px 1px 1px #0a0a0a;font-size:var(--global-kb-font-size-lg, 2rem);}}@media all and (max-width: 767px){.wp-block-kadence-advancedheading.kt-adv-heading2488_bc06dc-e6, .wp-block-kadence-advancedheading.kt-adv-heading2488_bc06dc-e6[data-kb-block=\"kb-adv-heading2488_bc06dc-e6\"]{text-shadow:1px 1px 1px #0a0a0a;font-size:var(--global-kb-font-size-md, 1.25rem);}}<\/style>\n<p class=\"kt-adv-heading2488_bc06dc-e6 wp-block-kadence-advancedheading has-theme-palette-9-color has-text-color\" data-kb-block=\"kb-adv-heading2488_bc06dc-e6\"><a href=\"\"><\/a><\/p>\n\n\n\n<p><\/p>\n<\/div><\/div>\n\n<\/div><\/div>\n\n\n<div style=\"height:80px\" aria-hidden=\"true\" class=\"wp-block-spacer\"><\/div>\n\n\n\n<h2 class=\"wp-block-heading has-text-align-center has-theme-palette-3-color has-text-color has-link-color has-medium-font-size wp-elements-d0a0a10732515a265033fc75f4730121\" style=\"text-transform:lowercase\"><strong>Contact<\/strong><\/h2>\n\n\n\n<div style=\"height:20px\" aria-hidden=\"true\" class=\"wp-block-spacer\"><\/div>\n\n\n\n<p class=\"has-text-align-center\" style=\"padding-right:15%;padding-left:15%\"><strong>gl\u00f9<\/strong> is a publication forged together, which wants to become the reference website for creators of Spanish products and services<\/p>\n\n\n\n<p class=\"has-text-align-center\" style=\"padding-right:15%;padding-left:15%\">Therefore, if you want to have <strong>your own articles, interviews or advertisements<\/strong> advertisements of your products in one of the available formats, please contact us at: <a href=\"mailto:info@be-glu.com\">info@be-glu.com<\/a> and we will be happy to offer you a space.<\/p>\n\n\n\n<p><\/p>\n\n\n\n<p class=\"has-text-align-center\" style=\"padding-right:15%;padding-left:15%\">If you have any other <strong>interest, suggestion or proposal<\/strong> that we can evaluate, do not hesitate to contact us through the following form:<\/p>\n\n\n\n<div style=\"height:40px\" aria-hidden=\"true\" class=\"wp-block-spacer\"><\/div>\n\n\n\n<div\n\tclass=\"root-eb-wpforms-f5bcg alignwide wp-block-essential-blocks-wpforms\">\n\t<div class=\"eb-parent-eb-wpforms-f5bcg  eb-parent-wrapper\">\n\t\t<div class=\"eb-wpforms-f5bcg eb-wpforms-wrapper eb-wpforms-alignment-center\">\n\t\t\t<div class=\"wpforms-container wpforms-container-full wpforms-render-modern\" id=\"wpforms-1321\"><form id=\"wpforms-form-1321\" class=\"wpforms-validate wpforms-form wpforms-ajax-form\" data-formid=\"1321\" method=\"post\" enctype=\"multipart\/form-data\" action=\"\/en\/wp-json\/wp\/v2\/pages\/2488\" data-token=\"06145618368708f694418dde8d34a3bf\" data-token-time=\"1776762632\" data-trp-original-action=\"\/en\/wp-json\/wp\/v2\/pages\/2488\"><noscript class=\"wpforms-error-noscript\">Please enable JavaScript in your browser to complete this form.<\/noscript><div id=\"wpforms-error-noscript\" style=\"display: none;\">Please enable JavaScript in your browser to complete this form.<\/div><div class=\"wpforms-field-container\"><div id=\"wpforms-1321-field_0-container\" class=\"wpforms-field wpforms-field-name\" data-field-id=\"0\"><fieldset><legend class=\"wpforms-field-label\">Name <span class=\"wpforms-required-label\" aria-hidden=\"true\">*<\/span><\/legend><div class=\"wpforms-field-row wpforms-field-large\"><div class=\"wpforms-field-row-block wpforms-first wpforms-one-half\"><input type=\"text\" id=\"wpforms-1321-field_0\" class=\"wpforms-field-name-first wpforms-field-required\" name=\"wpforms[fields][0][first]\" aria-errormessage=\"wpforms-1321-field_0-error\" required><label for=\"wpforms-1321-field_0\" class=\"wpforms-field-sublabel after\">First<\/label><\/div><div class=\"wpforms-field-row-block wpforms-one-half\"><input type=\"text\" id=\"wpforms-1321-field_0-last\" class=\"wpforms-field-name-last wpforms-field-required\" name=\"wpforms[fields][0][last]\" aria-errormessage=\"wpforms-1321-field_0-last-error\" required><label for=\"wpforms-1321-field_0-last\" class=\"wpforms-field-sublabel after\">Last<\/label><\/div><\/div><\/fieldset><\/div><div id=\"wpforms-1321-field_1-container\" class=\"wpforms-field wpforms-field-email wpforms-one-half wpforms-first\" data-field-id=\"1\"><label class=\"wpforms-field-label\" for=\"wpforms-1321-field_1\">E-mail <span class=\"wpforms-required-label\" aria-hidden=\"true\">*<\/span><\/label><input type=\"email\" id=\"wpforms-1321-field_1\" class=\"wpforms-field-large wpforms-field-required\" name=\"wpforms[fields][1]\" spellcheck=\"false\" aria-errormessage=\"wpforms-1321-field_1-error\" required><\/div><div id=\"wpforms-1321-field_3-container\" class=\"wpforms-field wpforms-field-text wpforms-one-half\" data-field-id=\"3\"><label class=\"wpforms-field-label\" for=\"wpforms-1321-field_3\">Telephone <span class=\"wpforms-required-label\" aria-hidden=\"true\">*<\/span><\/label><input type=\"text\" id=\"wpforms-1321-field_3\" class=\"wpforms-field-large wpforms-field-required\" name=\"wpforms[fields][3]\" aria-errormessage=\"wpforms-1321-field_3-error\" required><\/div><div id=\"wpforms-1321-field_2-container\" class=\"wpforms-field wpforms-field-textarea\" data-field-id=\"2\"><label class=\"wpforms-field-label\" for=\"wpforms-1321-field_2\">Comment or message<\/label><textarea id=\"wpforms-1321-field_2\" class=\"wpforms-field-large\" name=\"wpforms[fields][2]\" placeholder=\"Leave your message and we will respond as soon as possible\" aria-errormessage=\"wpforms-1321-field_2-error\" ><\/textarea><\/div><div id=\"wpforms-1321-field_4-container\" class=\"wpforms-field wpforms-field-checkbox\" data-field-id=\"4\"><fieldset><legend class=\"wpforms-field-label wpforms-label-hide\" aria-hidden=\"false\">Casillas de verificaci\u00f3n <span class=\"wpforms-required-label\" aria-hidden=\"true\">*<\/span><\/legend><ul id=\"wpforms-1321-field_4\" class=\"wpforms-field-required\"><li class=\"choice-1 depth-1\"><input type=\"checkbox\" id=\"wpforms-1321-field_4_1\" name=\"wpforms[fields][4][]\" value=\"Acepto la &lt;a href=&quot;https:\/\/be-glu.com\/politica-de-privacidad\/&quot; rel=&quot;not follow&quot; target=&quot;blanck&quot;&gt;pol\u00edtica de privacidad *&lt;\/a&gt;\" aria-errormessage=\"wpforms-1321-field_4_1-error\" required><label class=\"wpforms-field-label-inline\" for=\"wpforms-1321-field_4_1\">I accept the <a href=\"https:\/\/be-glu.com\/en\/politica-de-privacidad\/\" rel=\"not follow\" target=\"blanck\">privacy policy<\/a><\/label><\/li><\/ul><\/fieldset><\/div><\/div><!-- .wpforms-field-container --><div class=\"wpforms-recaptcha-container wpforms-is-recaptcha wpforms-is-recaptcha-type-v2\" ><div class=\"g-recaptcha\" data-sitekey=\"6LcO1F8pAAAAAIPctQ3GPhTGRPHrmX3X5imqGsPV\"><\/div><input type=\"text\" name=\"g-recaptcha-hidden\" class=\"wpforms-recaptcha-hidden\" style=\"position:absolute!important;clip:rect(0,0,0,0)!important;height:1px!important;width:1px!important;border:0!important;overflow:hidden!important;padding:0!important;margin:0!important;\" data-rule-recaptcha=\"1\"><\/div><div class=\"wpforms-submit-container\" ><input type=\"hidden\" name=\"wpforms[id]\" value=\"1321\"><input type=\"hidden\" name=\"page_title\" value=\"\"><input type=\"hidden\" name=\"page_url\" value=\"https:\/\/be-glu.com\/en\/wp-json\/wp\/v2\/pages\/2488\"><input type=\"hidden\" name=\"url_referer\" value=\"\"><button type=\"submit\" name=\"wpforms[submit]\" id=\"wpforms-submit-1321\" class=\"wpforms-submit\" data-alt-text=\"Enviando...\" data-submit-text=\"Enviar\" aria-live=\"assertive\" value=\"wpforms-submit\">Submit<\/button><img loading=\"lazy\" decoding=\"async\" src=\"https:\/\/be-glu.com\/wp-content\/plugins\/wpforms-lite\/assets\/images\/submit-spin.svg\" class=\"wpforms-submit-spinner\" style=\"display: none;\" width=\"26\" height=\"26\" alt=\"Loading\"><\/div><input type=\"hidden\" name=\"trp-form-language\" value=\"en\"\/><\/form><\/div>  <!-- .wpforms-container -->\t\t<\/div>\n\t<\/div>\n<\/div>\n\n\n\n<div style=\"height:100px\" aria-hidden=\"true\" class=\"wp-block-spacer\"><\/div>\n\n\n<div class=\"wp-block-image\">\n<figure class=\"aligncenter size-full is-resized\"><img loading=\"lazy\" decoding=\"async\" width=\"1982\" height=\"485\" src=\"https:\/\/be-glu.com\/wp-content\/uploads\/WiM_Baseline-outside_gradient.png\" alt=\"\" class=\"wp-image-3737\" style=\"width:auto;height:50px\" srcset=\"https:\/\/be-glu.com\/wp-content\/uploads\/WiM_Baseline-outside_gradient.png 1982w, https:\/\/be-glu.com\/wp-content\/uploads\/WiM_Baseline-outside_gradient-300x73.png 300w, https:\/\/be-glu.com\/wp-content\/uploads\/WiM_Baseline-outside_gradient-1024x250.png 1024w, https:\/\/be-glu.com\/wp-content\/uploads\/WiM_Baseline-outside_gradient-768x188.png 768w, https:\/\/be-glu.com\/wp-content\/uploads\/WiM_Baseline-outside_gradient-1536x375.png 1536w, https:\/\/be-glu.com\/wp-content\/uploads\/WiM_Baseline-outside_gradient-18x4.png 18w\" sizes=\"auto, (max-width: 1982px) 100vw, 1982px\" \/><\/figure><\/div>\n\n\n<div style=\"height:100px\" aria-hidden=\"true\" class=\"wp-block-spacer\"><\/div>\n\n\n<div class=\"wp-block-image\">\n<figure class=\"aligncenter size-large\"><img loading=\"lazy\" decoding=\"async\" width=\"1024\" height=\"95\" src=\"https:\/\/be-glu.com\/wp-content\/uploads\/CONBANDERA_KITDIGITAL-1024x95.png\" alt=\"\" class=\"wp-image-2440\" srcset=\"https:\/\/be-glu.com\/wp-content\/uploads\/CONBANDERA_KITDIGITAL-1024x95.png 1024w, https:\/\/be-glu.com\/wp-content\/uploads\/CONBANDERA_KITDIGITAL-300x28.png 300w, https:\/\/be-glu.com\/wp-content\/uploads\/CONBANDERA_KITDIGITAL-768x72.png 768w, https:\/\/be-glu.com\/wp-content\/uploads\/CONBANDERA_KITDIGITAL-1536x143.png 1536w, https:\/\/be-glu.com\/wp-content\/uploads\/CONBANDERA_KITDIGITAL-2048x191.png 2048w\" sizes=\"auto, (max-width: 1024px) 100vw, 1024px\" \/><\/figure><\/div>\n\n\n<div style=\"height:100px\" aria-hidden=\"true\" class=\"wp-block-spacer\"><\/div>","protected":false},"excerpt":{"rendered":"<p>Te escuchamos Contacto gl\u00f9 es una publicaci\u00f3n forjada entre todos, que quiere convertirse en el sitio web de referencia de creadores de productos y servicios espa\u00f1oles. Por eso, si deseas tener tus propios art\u00edculos, entrevistas o anuncios de tus productos en alguno de los formatos disponibles, contacta con nosotros en: info@be-glu.com y estaremos encantados de&#8230;<\/p>","protected":false},"author":2,"featured_media":3069,"parent":0,"menu_order":0,"comment_status":"closed","ping_status":"closed","template":"","meta":{"_eb_attr":"","_monsterinsights_skip_tracking":false,"_monsterinsights_sitenote_active":false,"_monsterinsights_sitenote_note":"","_monsterinsights_sitenote_category":0,"_kad_post_transparent":"","_kad_post_title":"hide","_kad_post_layout":"fullwidth","_kad_post_sidebar_id":"","_kad_post_content_style":"unboxed","_kad_post_vertical_padding":"hide","_kad_post_feature":"hide","_kad_post_feature_position":"","_kad_post_header":false,"_kad_post_footer":false,"_kad_post_classname":"","footnotes":""},"class_list":["post-2488","page","type-page","status-publish","has-post-thumbnail","hentry"],"yoast_head":"<!-- This site is optimized with the Yoast SEO plugin v26.7 - https:\/\/yoast.com\/wordpress\/plugins\/seo\/ -->\n<title>Contacto - be-glu.com<\/title>\n<meta name=\"description\" content=\"Si deseas tener tus propios art\u00edculos, entrevistas o anuncios de tus productos en alguno de los formatos disponibles, contacta con nosotros\" \/>\n<meta name=\"robots\" content=\"index, follow, max-snippet:-1, max-image-preview:large, max-video-preview:-1\" \/>\n<link rel=\"canonical\" href=\"https:\/\/be-glu.com\/en\/contacto\/\" \/>\n<meta property=\"og:locale\" content=\"en_GB\" \/>\n<meta property=\"og:type\" content=\"article\" \/>\n<meta property=\"og:title\" content=\"Contacto - be-glu.com\" \/>\n<meta property=\"og:description\" content=\"Si deseas tener tus propios art\u00edculos, entrevistas o anuncios de tus productos en alguno de los formatos disponibles, contacta con nosotros\" \/>\n<meta property=\"og:url\" content=\"https:\/\/be-glu.com\/en\/contacto\/\" \/>\n<meta property=\"og:site_name\" content=\"be-glu.com\" \/>\n<meta property=\"article:modified_time\" content=\"2024-06-05T08:55:18+00:00\" \/>\n<meta property=\"og:image\" content=\"https:\/\/be-glu.com\/wp-content\/uploads\/escuchar.jpg\" \/>\n\t<meta property=\"og:image:width\" content=\"1900\" \/>\n\t<meta property=\"og:image:height\" content=\"1267\" \/>\n\t<meta property=\"og:image:type\" content=\"image\/jpeg\" \/>\n<meta name=\"twitter:card\" content=\"summary_large_image\" \/>\n<meta name=\"twitter:label1\" content=\"Estimated reading time\" \/>\n\t<meta name=\"twitter:data1\" content=\"1 minute\" \/>\n<script type=\"application\/ld+json\" class=\"yoast-schema-graph\">{\"@context\":\"https:\/\/schema.org\",\"@graph\":[{\"@type\":\"WebPage\",\"@id\":\"https:\/\/be-glu.com\/contacto\/\",\"url\":\"https:\/\/be-glu.com\/contacto\/\",\"name\":\"Contacto - be-glu.com\",\"isPartOf\":{\"@id\":\"https:\/\/be-glu.com\/#website\"},\"primaryImageOfPage\":{\"@id\":\"https:\/\/be-glu.com\/contacto\/#primaryimage\"},\"image\":{\"@id\":\"https:\/\/be-glu.com\/contacto\/#primaryimage\"},\"thumbnailUrl\":\"https:\/\/be-glu.com\/wp-content\/uploads\/escuchar.jpg\",\"datePublished\":\"2024-02-07T10:40:31+00:00\",\"dateModified\":\"2024-06-05T08:55:18+00:00\",\"description\":\"Si deseas tener tus propios art\u00edculos, entrevistas o anuncios de tus productos en alguno de los formatos disponibles, contacta con nosotros\",\"breadcrumb\":{\"@id\":\"https:\/\/be-glu.com\/contacto\/#breadcrumb\"},\"inLanguage\":\"en-GB\",\"potentialAction\":[{\"@type\":\"ReadAction\",\"target\":[\"https:\/\/be-glu.com\/contacto\/\"]}]},{\"@type\":\"ImageObject\",\"inLanguage\":\"en-GB\",\"@id\":\"https:\/\/be-glu.com\/contacto\/#primaryimage\",\"url\":\"https:\/\/be-glu.com\/wp-content\/uploads\/escuchar.jpg\",\"contentUrl\":\"https:\/\/be-glu.com\/wp-content\/uploads\/escuchar.jpg\",\"width\":1900,\"height\":1267},{\"@type\":\"BreadcrumbList\",\"@id\":\"https:\/\/be-glu.com\/contacto\/#breadcrumb\",\"itemListElement\":[{\"@type\":\"ListItem\",\"position\":1,\"name\":\"Portada\",\"item\":\"https:\/\/be-glu.com\/\"},{\"@type\":\"ListItem\",\"position\":2,\"name\":\"Contacto\"}]},{\"@type\":\"WebSite\",\"@id\":\"https:\/\/be-glu.com\/#website\",\"url\":\"https:\/\/be-glu.com\/\",\"name\":\"be-glu.com\",\"description\":\"Artesan\u00eda, cultura, creaci\u00f3n en Espa\u00f1a\",\"publisher\":{\"@id\":\"https:\/\/be-glu.com\/#organization\"},\"potentialAction\":[{\"@type\":\"SearchAction\",\"target\":{\"@type\":\"EntryPoint\",\"urlTemplate\":\"https:\/\/be-glu.com\/?s={search_term_string}\"},\"query-input\":{\"@type\":\"PropertyValueSpecification\",\"valueRequired\":true,\"valueName\":\"search_term_string\"}}],\"inLanguage\":\"en-GB\"},{\"@type\":\"Organization\",\"@id\":\"https:\/\/be-glu.com\/#organization\",\"name\":\"be-glu.com\",\"url\":\"https:\/\/be-glu.com\/\",\"logo\":{\"@type\":\"ImageObject\",\"inLanguage\":\"en-GB\",\"@id\":\"https:\/\/be-glu.com\/#\/schema\/logo\/image\/\",\"url\":\"https:\/\/be-glu.com\/wp-content\/uploads\/cropped-Recurso-2.png\",\"contentUrl\":\"https:\/\/be-glu.com\/wp-content\/uploads\/cropped-Recurso-2.png\",\"width\":231,\"height\":168,\"caption\":\"be-glu.com\"},\"image\":{\"@id\":\"https:\/\/be-glu.com\/#\/schema\/logo\/image\/\"},\"sameAs\":[\"https:\/\/www.instagram.com\/be_glu\/\"]}]}<\/script>\n<!-- \/ Yoast SEO plugin. -->","yoast_head_json":{"title":"Contacto - be-glu.com","description":"Si deseas tener tus propios art\u00edculos, entrevistas o anuncios de tus productos en alguno de los formatos disponibles, contacta con nosotros","robots":{"index":"index","follow":"follow","max-snippet":"max-snippet:-1","max-image-preview":"max-image-preview:large","max-video-preview":"max-video-preview:-1"},"canonical":"https:\/\/be-glu.com\/en\/contacto\/","og_locale":"en_GB","og_type":"article","og_title":"Contacto - be-glu.com","og_description":"Si deseas tener tus propios art\u00edculos, entrevistas o anuncios de tus productos en alguno de los formatos disponibles, contacta con nosotros","og_url":"https:\/\/be-glu.com\/en\/contacto\/","og_site_name":"be-glu.com","article_modified_time":"2024-06-05T08:55:18+00:00","og_image":[{"width":1900,"height":1267,"url":"https:\/\/be-glu.com\/wp-content\/uploads\/escuchar.jpg","type":"image\/jpeg"}],"twitter_card":"summary_large_image","twitter_misc":{"Estimated reading time":"1 minute"},"schema":{"@context":"https:\/\/schema.org","@graph":[{"@type":"WebPage","@id":"https:\/\/be-glu.com\/contacto\/","url":"https:\/\/be-glu.com\/contacto\/","name":"Contacto - be-glu.com","isPartOf":{"@id":"https:\/\/be-glu.com\/#website"},"primaryImageOfPage":{"@id":"https:\/\/be-glu.com\/contacto\/#primaryimage"},"image":{"@id":"https:\/\/be-glu.com\/contacto\/#primaryimage"},"thumbnailUrl":"https:\/\/be-glu.com\/wp-content\/uploads\/escuchar.jpg","datePublished":"2024-02-07T10:40:31+00:00","dateModified":"2024-06-05T08:55:18+00:00","description":"Si deseas tener tus propios art\u00edculos, entrevistas o anuncios de tus productos en alguno de los formatos disponibles, contacta con nosotros","breadcrumb":{"@id":"https:\/\/be-glu.com\/contacto\/#breadcrumb"},"inLanguage":"en-GB","potentialAction":[{"@type":"ReadAction","target":["https:\/\/be-glu.com\/contacto\/"]}]},{"@type":"ImageObject","inLanguage":"en-GB","@id":"https:\/\/be-glu.com\/contacto\/#primaryimage","url":"https:\/\/be-glu.com\/wp-content\/uploads\/escuchar.jpg","contentUrl":"https:\/\/be-glu.com\/wp-content\/uploads\/escuchar.jpg","width":1900,"height":1267},{"@type":"BreadcrumbList","@id":"https:\/\/be-glu.com\/contacto\/#breadcrumb","itemListElement":[{"@type":"ListItem","position":1,"name":"Portada","item":"https:\/\/be-glu.com\/"},{"@type":"ListItem","position":2,"name":"Contacto"}]},{"@type":"WebSite","@id":"https:\/\/be-glu.com\/#website","url":"https:\/\/be-glu.com\/","name":"be-glu.com","description":"Artesan\u00eda, cultura, creaci\u00f3n en Espa\u00f1a","publisher":{"@id":"https:\/\/be-glu.com\/#organization"},"potentialAction":[{"@type":"SearchAction","target":{"@type":"EntryPoint","urlTemplate":"https:\/\/be-glu.com\/?s={search_term_string}"},"query-input":{"@type":"PropertyValueSpecification","valueRequired":true,"valueName":"search_term_string"}}],"inLanguage":"en-GB"},{"@type":"Organization","@id":"https:\/\/be-glu.com\/#organization","name":"be-glu.com","url":"https:\/\/be-glu.com\/","logo":{"@type":"ImageObject","inLanguage":"en-GB","@id":"https:\/\/be-glu.com\/#\/schema\/logo\/image\/","url":"https:\/\/be-glu.com\/wp-content\/uploads\/cropped-Recurso-2.png","contentUrl":"https:\/\/be-glu.com\/wp-content\/uploads\/cropped-Recurso-2.png","width":231,"height":168,"caption":"be-glu.com"},"image":{"@id":"https:\/\/be-glu.com\/#\/schema\/logo\/image\/"},"sameAs":["https:\/\/www.instagram.com\/be_glu\/"]}]}},"_links":{"self":[{"href":"https:\/\/be-glu.com\/en\/wp-json\/wp\/v2\/pages\/2488","targetHints":{"allow":["GET"]}}],"collection":[{"href":"https:\/\/be-glu.com\/en\/wp-json\/wp\/v2\/pages"}],"about":[{"href":"https:\/\/be-glu.com\/en\/wp-json\/wp\/v2\/types\/page"}],"author":[{"embeddable":true,"href":"https:\/\/be-glu.com\/en\/wp-json\/wp\/v2\/users\/2"}],"replies":[{"embeddable":true,"href":"https:\/\/be-glu.com\/en\/wp-json\/wp\/v2\/comments?post=2488"}],"version-history":[{"count":105,"href":"https:\/\/be-glu.com\/en\/wp-json\/wp\/v2\/pages\/2488\/revisions"}],"predecessor-version":[{"id":3756,"href":"https:\/\/be-glu.com\/en\/wp-json\/wp\/v2\/pages\/2488\/revisions\/3756"}],"wp:featuredmedia":[{"embeddable":true,"href":"https:\/\/be-glu.com\/en\/wp-json\/wp\/v2\/media\/3069"}],"wp:attachment":[{"href":"https:\/\/be-glu.com\/en\/wp-json\/wp\/v2\/media?parent=2488"}],"curies":[{"name":"wp","href":"https:\/\/api.w.org\/{rel}","templated":true}]}}