{"id":2574,"date":"2024-03-14T09:53:13","date_gmt":"2024-03-14T08:53:13","guid":{"rendered":"https:\/\/be-glu.com\/?page_id=2574"},"modified":"2025-03-09T21:52:16","modified_gmt":"2025-03-09T20:52:16","slug":"mapa-web","status":"publish","type":"page","link":"https:\/\/be-glu.com\/en\/mapa-web\/","title":{"rendered":"Web map"},"content":{"rendered":"<style>.kb-row-layout-id2574_3c9f62-0f > .kt-row-column-wrap{align-content:start;}:where(.kb-row-layout-id2574_3c9f62-0f > .kt-row-column-wrap) > .wp-block-kadence-column{justify-content:start;}.kb-row-layout-id2574_3c9f62-0f > .kt-row-column-wrap{column-gap:var(--global-kb-gap-md, 2rem);row-gap:var(--global-kb-gap-md, 2rem);max-width:var( --global-content-width, 1290px );padding-left:var(--global-content-edge-padding);padding-right:var(--global-content-edge-padding);padding-top:190px;padding-bottom:190px;grid-template-columns:minmax(0, 1fr);}.kb-row-layout-id2574_3c9f62-0f{background-image:url('https:\/\/be-glu.com\/wp-content\/uploads\/mapa_web.jpg');background-size:cover;background-position:50% 55.00000000000001%;background-attachment:scroll;background-repeat:no-repeat;}.kb-row-layout-id2574_3c9f62-0f > .kt-row-layout-overlay{opacity:0.33;mix-blend-mode:normal;}@media all and (max-width: 1024px){.kb-row-layout-id2574_3c9f62-0f > .kt-row-column-wrap{grid-template-columns:minmax(0, 1fr);}}@media all and (max-width: 767px){.kb-row-layout-id2574_3c9f62-0f > .kt-row-column-wrap{grid-template-columns:minmax(0, 1fr);}}<\/style><div style=\"background-image: url(https:\/\/be-glu.com\/wp-content\/uploads\/mapa_web.jpg);\" class=\"kb-row-layout-wrap kb-row-layout-id2574_3c9f62-0f alignnone kt-row-has-bg wp-block-kadence-rowlayout\"><div class=\"kt-row-column-wrap kt-has-1-columns kt-row-layout-equal kt-tab-layout-inherit kt-mobile-layout-row kt-row-valign-top kb-theme-content-width\">\n<style>.kadence-column2574_a7d32c-3a > .kt-inside-inner-col,.kadence-column2574_a7d32c-3a > .kt-inside-inner-col:before{border-top-left-radius:0px;border-top-right-radius:0px;border-bottom-right-radius:0px;border-bottom-left-radius:0px;}.kadence-column2574_a7d32c-3a > .kt-inside-inner-col{column-gap:var(--global-kb-gap-sm, 1rem);}.kadence-column2574_a7d32c-3a > .kt-inside-inner-col{flex-direction:column;}.kadence-column2574_a7d32c-3a > .kt-inside-inner-col > .aligncenter{width:100%;}.kadence-column2574_a7d32c-3a > .kt-inside-inner-col:before{opacity:0.3;}.kadence-column2574_a7d32c-3a{position:relative;}@media all and (max-width: 1024px){.kadence-column2574_a7d32c-3a > .kt-inside-inner-col{flex-direction:column;justify-content:center;}}@media all and (max-width: 767px){.kadence-column2574_a7d32c-3a > .kt-inside-inner-col{flex-direction:column;justify-content:center;}}<\/style>\n<div class=\"wp-block-kadence-column kadence-column2574_a7d32c-3a inner-column-1\"><div class=\"kt-inside-inner-col\">\n<p><\/p>\n\n\n\n<p><\/p>\n\n\n<style>.wp-block-kadence-advancedheading.kt-adv-heading2574_918354-36, .wp-block-kadence-advancedheading.kt-adv-heading2574_918354-36[data-kb-block=\"kb-adv-heading2574_918354-36\"]{text-align:center;font-size:var(--global-kb-font-size-xxl, 4rem);font-style:normal;text-shadow:1px 1px 1px #0a0a0a;}.wp-block-kadence-advancedheading.kt-adv-heading2574_918354-36 mark.kt-highlight, .wp-block-kadence-advancedheading.kt-adv-heading2574_918354-36[data-kb-block=\"kb-adv-heading2574_918354-36\"] mark.kt-highlight{font-style:normal;color:#f76a0c;-webkit-box-decoration-break:clone;box-decoration-break:clone;padding-top:0px;padding-right:0px;padding-bottom:0px;padding-left:0px;}.wp-block-kadence-advancedheading.kt-adv-heading2574_918354-36 img.kb-inline-image, .wp-block-kadence-advancedheading.kt-adv-heading2574_918354-36[data-kb-block=\"kb-adv-heading2574_918354-36\"] img.kb-inline-image{width:150px;vertical-align:baseline;}@media all and (max-width: 1024px){.wp-block-kadence-advancedheading.kt-adv-heading2574_918354-36, .wp-block-kadence-advancedheading.kt-adv-heading2574_918354-36[data-kb-block=\"kb-adv-heading2574_918354-36\"]{text-shadow:1px 1px 1px #0a0a0a;}}@media all and (max-width: 767px){.wp-block-kadence-advancedheading.kt-adv-heading2574_918354-36, .wp-block-kadence-advancedheading.kt-adv-heading2574_918354-36[data-kb-block=\"kb-adv-heading2574_918354-36\"]{text-shadow:1px 1px 1px #0a0a0a;}}<\/style>\n<h1 class=\"kt-adv-heading2574_918354-36 wp-block-kadence-advancedheading has-theme-palette-9-color has-text-color\" data-kb-block=\"kb-adv-heading2574_918354-36\"><strong>mapa web<\/strong><a href=\"\"><\/a><\/h1>\n<\/div><\/div>\n\n<\/div><\/div>\n\n\n<div style=\"height:80px\" aria-hidden=\"true\" class=\"wp-block-spacer\"><\/div>\n\n\n\n<div class=\"wp-block-essential-blocks-row alignfull  root-eb-row-bmb0a\"><div class=\"eb-parent-wrapper eb-parent-eb-row-bmb0a\"><div class=\"eb-row-root-container eb-row-bmb0a\" data-id=\"eb-row-bmb0a\"><div class=\"eb-row-wrapper\"><div class=\"eb-row-inner\">\n<div class=\"wp-block-essential-blocks-column  root-eb-column-ya5y0\"><div class=\"eb-parent-wrapper eb-parent-eb-column-ya5y0\"><div class=\"eb-column-wrapper eb-column-ya5y0\"><div class=\"eb-column-inner\">\n<h2 class=\"wp-block-heading has-text-align-center has-larger-font-size\"><strong>P\u00e1gina web<\/strong><\/h2>\n<\/div><\/div><\/div><\/div>\n<\/div><\/div><\/div><\/div><\/div>\n\n\n\n<div style=\"height:40px\" aria-hidden=\"true\" class=\"wp-block-spacer\"><\/div>\n\n\n\n<div class=\"wp-block-essential-blocks-row alignfull  root-eb-row-8spg0\"><div class=\"eb-parent-wrapper eb-parent-eb-row-8spg0\"><div class=\"eb-row-root-container eb-row-8spg0\" data-id=\"eb-row-8spg0\"><div class=\"eb-row-wrapper\"><div class=\"eb-row-inner\">\n<div class=\"wp-block-essential-blocks-column  root-eb-column-ihm0v\"><div class=\"eb-parent-wrapper eb-parent-eb-column-ihm0v\"><div class=\"eb-column-wrapper eb-column-ihm0v\"><div class=\"eb-column-inner\"><\/div><\/div><\/div><\/div>\n\n\n\n<div class=\"wp-block-essential-blocks-column  root-eb-column-vj1xq\"><div class=\"eb-parent-wrapper eb-parent-eb-column-vj1xq\"><div class=\"eb-column-wrapper eb-column-vj1xq\"><div class=\"eb-column-inner\">\n<ul class=\"wp-block-list\">\n<li class=\"has-medium-font-size\"><a href=\"https:\/\/be-glu.com\/en\/\">inicio<\/a><\/li>\n\n\n\n<li class=\"has-medium-font-size\"><a href=\"https:\/\/be-glu.com\/en\/sobre-glu\/\">sobre gl\u00f9<\/a><\/li>\n\n\n\n<li class=\"has-medium-font-size\"><a href=\"https:\/\/be-glu.com\/en\/protagonistas\/\">protagonistas<\/a><\/li>\n\n\n\n<li><a href=\"https:\/\/be-glu.com\/en\/articulos\/\">art\u00edculos<\/a><\/li>\n\n\n\n<li class=\"has-medium-font-size\"><a href=\"https:\/\/be-glu.com\/en\/contacto\/\">contacto <\/a><\/li>\n<\/ul>\n<\/div><\/div><\/div><\/div>\n\n\n\n<div class=\"wp-block-essential-blocks-column  root-eb-column-k46c4\"><div class=\"eb-parent-wrapper eb-parent-eb-column-k46c4\"><div class=\"eb-column-wrapper eb-column-k46c4\"><div class=\"eb-column-inner\"><\/div><\/div><\/div><\/div>\n<\/div><\/div><\/div><\/div><\/div>\n\n\n\n<div style=\"height:80px\" aria-hidden=\"true\" class=\"wp-block-spacer\"><\/div>\n\n\n\n<div class=\"wp-block-essential-blocks-row alignfull  root-eb-row-tsnq9\"><div class=\"eb-parent-wrapper eb-parent-eb-row-tsnq9\"><div class=\"eb-row-root-container eb-row-tsnq9\" data-id=\"eb-row-tsnq9\"><div class=\"eb-row-wrapper\"><div class=\"eb-row-inner\">\n<div class=\"wp-block-essential-blocks-column  root-eb-column-3bmxw\"><div class=\"eb-parent-wrapper eb-parent-eb-column-3bmxw\"><div class=\"eb-column-wrapper eb-column-3bmxw\"><div class=\"eb-column-inner\">\n<h2 class=\"wp-block-heading has-text-align-center has-larger-font-size\"><strong>Enlaces legales<\/strong><\/h2>\n<\/div><\/div><\/div><\/div>\n<\/div><\/div><\/div><\/div><\/div>\n\n\n\n<div style=\"height:40px\" aria-hidden=\"true\" class=\"wp-block-spacer\"><\/div>\n\n\n\n<div class=\"wp-block-essential-blocks-row alignfull  root-eb-row-f4i8a\"><div class=\"eb-parent-wrapper eb-parent-eb-row-f4i8a\"><div class=\"eb-row-root-container eb-row-f4i8a\" data-id=\"eb-row-f4i8a\"><div class=\"eb-row-wrapper\"><div class=\"eb-row-inner\">\n<div class=\"wp-block-essential-blocks-column  root-eb-column-ogha5\"><div class=\"eb-parent-wrapper eb-parent-eb-column-ogha5\"><div class=\"eb-column-wrapper eb-column-ogha5\"><div class=\"eb-column-inner\"><\/div><\/div><\/div><\/div>\n\n\n\n<div class=\"wp-block-essential-blocks-column  root-eb-column-ut9ou\"><div class=\"eb-parent-wrapper eb-parent-eb-column-ut9ou\"><div class=\"eb-column-wrapper eb-column-ut9ou\"><div class=\"eb-column-inner\">\n<ul class=\"wp-block-list\">\n<li class=\"has-medium-font-size\"><a href=\"https:\/\/be-glu.com\/en\/aviso-legal\/\">Legal warning<\/a><\/li>\n\n\n\n<li class=\"has-medium-font-size\"><a href=\"https:\/\/be-glu.com\/en\/politica-de-privacidad\/\">Privacy Policy<\/a><\/li>\n\n\n\n<li class=\"has-medium-font-size\"><a href=\"https:\/\/be-glu.com\/en\/plotica-de-cookies\/\">Cookies policy<\/a><\/li>\n<\/ul>\n<\/div><\/div><\/div><\/div>\n\n\n\n<div class=\"wp-block-essential-blocks-column  root-eb-column-cgik1\"><div class=\"eb-parent-wrapper eb-parent-eb-column-cgik1\"><div class=\"eb-column-wrapper eb-column-cgik1\"><div class=\"eb-column-inner\"><\/div><\/div><\/div><\/div>\n<\/div><\/div><\/div><\/div><\/div>\n\n\n\n<div style=\"height:40px\" aria-hidden=\"true\" class=\"wp-block-spacer\"><\/div>\n\n\n\n<div style=\"height:40px\" aria-hidden=\"true\" class=\"wp-block-spacer\"><\/div>\n\n\n\n<div style=\"height:80px\" aria-hidden=\"true\" class=\"wp-block-spacer\"><\/div>\n\n\n<div class=\"wp-block-image\">\n<figure class=\"aligncenter size-large\"><img loading=\"lazy\" decoding=\"async\" width=\"1024\" height=\"95\" src=\"https:\/\/be-glu.com\/wp-content\/uploads\/CONBANDERA_KITDIGITAL-1024x95.png\" alt=\"\" class=\"wp-image-2440\" srcset=\"https:\/\/be-glu.com\/wp-content\/uploads\/CONBANDERA_KITDIGITAL-1024x95.png 1024w, https:\/\/be-glu.com\/wp-content\/uploads\/CONBANDERA_KITDIGITAL-300x28.png 300w, https:\/\/be-glu.com\/wp-content\/uploads\/CONBANDERA_KITDIGITAL-768x72.png 768w, https:\/\/be-glu.com\/wp-content\/uploads\/CONBANDERA_KITDIGITAL-1536x143.png 1536w, https:\/\/be-glu.com\/wp-content\/uploads\/CONBANDERA_KITDIGITAL-2048x191.png 2048w\" sizes=\"auto, (max-width: 1024px) 100vw, 1024px\" \/><\/figure><\/div>\n\n\n<div style=\"height:100px\" aria-hidden=\"true\" class=\"wp-block-spacer\"><\/div>","protected":false},"excerpt":{"rendered":"<p>mapa web<\/p>","protected":false},"author":1,"featured_media":0,"parent":0,"menu_order":0,"comment_status":"closed","ping_status":"closed","template":"","meta":{"_eb_attr":"","_monsterinsights_skip_tracking":false,"_monsterinsights_sitenote_active":false,"_monsterinsights_sitenote_note":"","_monsterinsights_sitenote_category":0,"_kad_post_transparent":"","_kad_post_title":"hide","_kad_post_layout":"fullwidth","_kad_post_sidebar_id":"","_kad_post_content_style":"unboxed","_kad_post_vertical_padding":"hide","_kad_post_feature":"hide","_kad_post_feature_position":"","_kad_post_header":false,"_kad_post_footer":false,"_kad_post_classname":"","footnotes":""},"class_list":["post-2574","page","type-page","status-publish","hentry"],"yoast_head":"<!-- This site is optimized with the Yoast SEO plugin v26.7 - https:\/\/yoast.com\/wordpress\/plugins\/seo\/ -->\n<title>Mapa Web - be-glu.com<\/title>\n<meta name=\"description\" content=\"Gl\u00f9 quiere ser el puente que conecte a los mejores productores espa\u00f1oles entre s\u00ed y con el mundo exterior.\" \/>\n<meta name=\"robots\" content=\"index, follow, max-snippet:-1, max-image-preview:large, max-video-preview:-1\" \/>\n<link rel=\"canonical\" href=\"https:\/\/be-glu.com\/en\/mapa-web\/\" \/>\n<meta property=\"og:locale\" content=\"en_GB\" \/>\n<meta property=\"og:type\" content=\"article\" \/>\n<meta property=\"og:title\" content=\"Mapa Web - be-glu.com\" \/>\n<meta property=\"og:description\" content=\"Gl\u00f9 quiere ser el puente que conecte a los mejores productores espa\u00f1oles entre s\u00ed y con el mundo exterior.\" \/>\n<meta property=\"og:url\" content=\"https:\/\/be-glu.com\/en\/mapa-web\/\" \/>\n<meta property=\"og:site_name\" content=\"be-glu.com\" \/>\n<meta property=\"article:modified_time\" content=\"2025-03-09T20:52:16+00:00\" \/>\n<meta property=\"og:image\" content=\"https:\/\/be-glu.com\/wp-content\/uploads\/CONBANDERA_KITDIGITAL.png\" \/>\n\t<meta property=\"og:image:width\" content=\"3252\" \/>\n\t<meta property=\"og:image:height\" content=\"303\" \/>\n\t<meta property=\"og:image:type\" content=\"image\/png\" \/>\n<meta name=\"twitter:card\" content=\"summary_large_image\" \/>\n<meta name=\"twitter:label1\" content=\"Estimated reading time\" \/>\n\t<meta name=\"twitter:data1\" content=\"1 minute\" \/>\n<script type=\"application\/ld+json\" class=\"yoast-schema-graph\">{\"@context\":\"https:\/\/schema.org\",\"@graph\":[{\"@type\":\"WebPage\",\"@id\":\"https:\/\/be-glu.com\/mapa-web\/\",\"url\":\"https:\/\/be-glu.com\/mapa-web\/\",\"name\":\"Mapa Web - be-glu.com\",\"isPartOf\":{\"@id\":\"https:\/\/be-glu.com\/#website\"},\"primaryImageOfPage\":{\"@id\":\"https:\/\/be-glu.com\/mapa-web\/#primaryimage\"},\"image\":{\"@id\":\"https:\/\/be-glu.com\/mapa-web\/#primaryimage\"},\"thumbnailUrl\":\"https:\/\/be-glu.com\/wp-content\/uploads\/CONBANDERA_KITDIGITAL-1024x95.png\",\"datePublished\":\"2024-03-14T08:53:13+00:00\",\"dateModified\":\"2025-03-09T20:52:16+00:00\",\"description\":\"Gl\u00f9 quiere ser el puente que conecte a los mejores productores espa\u00f1oles entre s\u00ed y con el mundo exterior.\",\"breadcrumb\":{\"@id\":\"https:\/\/be-glu.com\/mapa-web\/#breadcrumb\"},\"inLanguage\":\"en-GB\",\"potentialAction\":[{\"@type\":\"ReadAction\",\"target\":[\"https:\/\/be-glu.com\/mapa-web\/\"]}]},{\"@type\":\"ImageObject\",\"inLanguage\":\"en-GB\",\"@id\":\"https:\/\/be-glu.com\/mapa-web\/#primaryimage\",\"url\":\"https:\/\/be-glu.com\/wp-content\/uploads\/CONBANDERA_KITDIGITAL-1024x95.png\",\"contentUrl\":\"https:\/\/be-glu.com\/wp-content\/uploads\/CONBANDERA_KITDIGITAL-1024x95.png\"},{\"@type\":\"BreadcrumbList\",\"@id\":\"https:\/\/be-glu.com\/mapa-web\/#breadcrumb\",\"itemListElement\":[{\"@type\":\"ListItem\",\"position\":1,\"name\":\"Portada\",\"item\":\"https:\/\/be-glu.com\/\"},{\"@type\":\"ListItem\",\"position\":2,\"name\":\"Mapa Web\"}]},{\"@type\":\"WebSite\",\"@id\":\"https:\/\/be-glu.com\/#website\",\"url\":\"https:\/\/be-glu.com\/\",\"name\":\"be-glu.com\",\"description\":\"Artesan\u00eda, cultura, creaci\u00f3n en Espa\u00f1a\",\"publisher\":{\"@id\":\"https:\/\/be-glu.com\/#organization\"},\"potentialAction\":[{\"@type\":\"SearchAction\",\"target\":{\"@type\":\"EntryPoint\",\"urlTemplate\":\"https:\/\/be-glu.com\/?s={search_term_string}\"},\"query-input\":{\"@type\":\"PropertyValueSpecification\",\"valueRequired\":true,\"valueName\":\"search_term_string\"}}],\"inLanguage\":\"en-GB\"},{\"@type\":\"Organization\",\"@id\":\"https:\/\/be-glu.com\/#organization\",\"name\":\"be-glu.com\",\"url\":\"https:\/\/be-glu.com\/\",\"logo\":{\"@type\":\"ImageObject\",\"inLanguage\":\"en-GB\",\"@id\":\"https:\/\/be-glu.com\/#\/schema\/logo\/image\/\",\"url\":\"https:\/\/be-glu.com\/wp-content\/uploads\/cropped-Recurso-2.png\",\"contentUrl\":\"https:\/\/be-glu.com\/wp-content\/uploads\/cropped-Recurso-2.png\",\"width\":231,\"height\":168,\"caption\":\"be-glu.com\"},\"image\":{\"@id\":\"https:\/\/be-glu.com\/#\/schema\/logo\/image\/\"},\"sameAs\":[\"https:\/\/www.instagram.com\/be_glu\/\"]}]}<\/script>\n<!-- \/ Yoast SEO plugin. -->","yoast_head_json":{"title":"Mapa Web - be-glu.com","description":"Gl\u00f9 quiere ser el puente que conecte a los mejores productores espa\u00f1oles entre s\u00ed y con el mundo exterior.","robots":{"index":"index","follow":"follow","max-snippet":"max-snippet:-1","max-image-preview":"max-image-preview:large","max-video-preview":"max-video-preview:-1"},"canonical":"https:\/\/be-glu.com\/en\/mapa-web\/","og_locale":"en_GB","og_type":"article","og_title":"Mapa Web - be-glu.com","og_description":"Gl\u00f9 quiere ser el puente que conecte a los mejores productores espa\u00f1oles entre s\u00ed y con el mundo exterior.","og_url":"https:\/\/be-glu.com\/en\/mapa-web\/","og_site_name":"be-glu.com","article_modified_time":"2025-03-09T20:52:16+00:00","og_image":[{"width":3252,"height":303,"url":"https:\/\/be-glu.com\/wp-content\/uploads\/CONBANDERA_KITDIGITAL.png","type":"image\/png"}],"twitter_card":"summary_large_image","twitter_misc":{"Estimated reading time":"1 minute"},"schema":{"@context":"https:\/\/schema.org","@graph":[{"@type":"WebPage","@id":"https:\/\/be-glu.com\/mapa-web\/","url":"https:\/\/be-glu.com\/mapa-web\/","name":"Mapa Web - be-glu.com","isPartOf":{"@id":"https:\/\/be-glu.com\/#website"},"primaryImageOfPage":{"@id":"https:\/\/be-glu.com\/mapa-web\/#primaryimage"},"image":{"@id":"https:\/\/be-glu.com\/mapa-web\/#primaryimage"},"thumbnailUrl":"https:\/\/be-glu.com\/wp-content\/uploads\/CONBANDERA_KITDIGITAL-1024x95.png","datePublished":"2024-03-14T08:53:13+00:00","dateModified":"2025-03-09T20:52:16+00:00","description":"Gl\u00f9 quiere ser el puente que conecte a los mejores productores espa\u00f1oles entre s\u00ed y con el mundo exterior.","breadcrumb":{"@id":"https:\/\/be-glu.com\/mapa-web\/#breadcrumb"},"inLanguage":"en-GB","potentialAction":[{"@type":"ReadAction","target":["https:\/\/be-glu.com\/mapa-web\/"]}]},{"@type":"ImageObject","inLanguage":"en-GB","@id":"https:\/\/be-glu.com\/mapa-web\/#primaryimage","url":"https:\/\/be-glu.com\/wp-content\/uploads\/CONBANDERA_KITDIGITAL-1024x95.png","contentUrl":"https:\/\/be-glu.com\/wp-content\/uploads\/CONBANDERA_KITDIGITAL-1024x95.png"},{"@type":"BreadcrumbList","@id":"https:\/\/be-glu.com\/mapa-web\/#breadcrumb","itemListElement":[{"@type":"ListItem","position":1,"name":"Portada","item":"https:\/\/be-glu.com\/"},{"@type":"ListItem","position":2,"name":"Mapa Web"}]},{"@type":"WebSite","@id":"https:\/\/be-glu.com\/#website","url":"https:\/\/be-glu.com\/","name":"be-glu.com","description":"Artesan\u00eda, cultura, creaci\u00f3n en Espa\u00f1a","publisher":{"@id":"https:\/\/be-glu.com\/#organization"},"potentialAction":[{"@type":"SearchAction","target":{"@type":"EntryPoint","urlTemplate":"https:\/\/be-glu.com\/?s={search_term_string}"},"query-input":{"@type":"PropertyValueSpecification","valueRequired":true,"valueName":"search_term_string"}}],"inLanguage":"en-GB"},{"@type":"Organization","@id":"https:\/\/be-glu.com\/#organization","name":"be-glu.com","url":"https:\/\/be-glu.com\/","logo":{"@type":"ImageObject","inLanguage":"en-GB","@id":"https:\/\/be-glu.com\/#\/schema\/logo\/image\/","url":"https:\/\/be-glu.com\/wp-content\/uploads\/cropped-Recurso-2.png","contentUrl":"https:\/\/be-glu.com\/wp-content\/uploads\/cropped-Recurso-2.png","width":231,"height":168,"caption":"be-glu.com"},"image":{"@id":"https:\/\/be-glu.com\/#\/schema\/logo\/image\/"},"sameAs":["https:\/\/www.instagram.com\/be_glu\/"]}]}},"_links":{"self":[{"href":"https:\/\/be-glu.com\/en\/wp-json\/wp\/v2\/pages\/2574","targetHints":{"allow":["GET"]}}],"collection":[{"href":"https:\/\/be-glu.com\/en\/wp-json\/wp\/v2\/pages"}],"about":[{"href":"https:\/\/be-glu.com\/en\/wp-json\/wp\/v2\/types\/page"}],"author":[{"embeddable":true,"href":"https:\/\/be-glu.com\/en\/wp-json\/wp\/v2\/users\/1"}],"replies":[{"embeddable":true,"href":"https:\/\/be-glu.com\/en\/wp-json\/wp\/v2\/comments?post=2574"}],"version-history":[{"count":19,"href":"https:\/\/be-glu.com\/en\/wp-json\/wp\/v2\/pages\/2574\/revisions"}],"predecessor-version":[{"id":6205,"href":"https:\/\/be-glu.com\/en\/wp-json\/wp\/v2\/pages\/2574\/revisions\/6205"}],"wp:attachment":[{"href":"https:\/\/be-glu.com\/en\/wp-json\/wp\/v2\/media?parent=2574"}],"curies":[{"name":"wp","href":"https:\/\/api.w.org\/{rel}","templated":true}]}}